{"id":240347,"date":"2023-11-21T12:17:21","date_gmt":"2023-11-21T10:17:21","guid":{"rendered":"https:\/\/cdf.cat\/accesibilidad\/"},"modified":"2023-11-21T12:25:43","modified_gmt":"2023-11-21T10:25:43","slug":"accesibilidad","status":"publish","type":"page","link":"https:\/\/cdf.cat\/es\/accesibilidad\/","title":{"rendered":"Accesibilidad"},"content":{"rendered":"<p>[et_pb_section fb_built=\u00bb1&#8243; _builder_version=\u00bb4.23.1&#8243; _module_preset=\u00bbdefault\u00bb global_colors_info=\u00bb{}\u00bb][et_pb_row _builder_version=\u00bb4.23.1&#8243; _module_preset=\u00bbdefault\u00bb global_colors_info=\u00bb{}\u00bb][et_pb_column type=\u00bb4_4&#8243; _builder_version=\u00bb4.23.1&#8243; _module_preset=\u00bbdefault\u00bb global_colors_info=\u00bb{}\u00bb][et_pb_text _builder_version=\u00bb4.23.1&#8243; _module_preset=\u00bbdefault\u00bb hover_enabled=\u00bb0&#8243; global_colors_info=\u00bb{}\u00bb sticky_enabled=\u00bb0&#8243;]<\/p>\n<h1>P\u00e1gina de Accesibilidad de cdf.cat<\/h1>\n<p>Bienvenidos a la p\u00e1gina de accesibilidad de [Nom del teu Lloc Web]. Nos comprometemos a proporcionar un sitio web accesible y f\u00e1cil de usar para todos nuestros visitantes. Para lograr este objetivo, hemos implementado el plugin One Click Accessibility en nuestro sitio desarrollado en WordPress, que ofrece las siguientes caracter\u00edsticas para mejorar la accesibilidad:<\/p>\n<p>1. <strong>Contraste Alto:<\/strong> Los usuarios pueden seleccionar esta opci\u00f3n para mejorar el contraste del texto y los elementos en la p\u00e1gina, lo que facilita la lectura para personas con dificultades visuales.<\/p>\n<p>2. <strong>Escala de Grises:<\/strong> Esta funci\u00f3n convierte los colores del sitio a escala de grises, lo cual es \u00fatil para usuarios con daltonismo y diversas sensibilidades visuales.<\/p>\n<p>3. <strong>Negativos:<\/strong> Invierte los colores del sitio web, lo que puede ayudar a reducir el brillo y mejorar la legibilidad.<\/p>\n<p>4. <strong>Tama\u00f1o de Texto:<\/strong> Permite a los usuarios ajustar el tama\u00f1o del texto a sus necesidades, lo cual es especialmente \u00fatil para personas con baja visi\u00f3n.<\/p>\n<p>5. <strong>Links Subrayados:<\/strong> Esta funci\u00f3n a\u00f1ade un subrayado a todos los enlaces, facilitando su identificaci\u00f3n.<\/p>\n<p>6. <strong>Lectura de Contenido:<\/strong> Aseguramos que nuestro contenido sea f\u00e1cilmente legible por lectores de pantalla, para personas con discapacidad visual.<\/p>\n<p>7. <strong>Navegaci\u00f3n por Teclado:<\/strong> Nuestro sitio web es completamente navegable usando s\u00f3lo el teclado, para aquellos que no pueden usar un rat\u00f3n.<\/p>\n<p>Estamos comprometidos a mejorar continuamente la accesibilidad de nuestro sitio web. Si tiene alguna pregunta o sugerencia sobre la accesibilidad de nuestro sitio, no dude en contactarnos a trav\u00e9s de cdf@cdf.cat<\/p>\n<p>[\/et_pb_text][\/et_pb_column][\/et_pb_row][\/et_pb_section]<\/p>\n","protected":false},"excerpt":{"rendered":"<p>P\u00e1gina de Accesibilidad de cdf.cat Bienvenidos a la p\u00e1gina de accesibilidad de [Nom del teu Lloc Web]. Nos comprometemos a proporcionar un sitio web accesible y f\u00e1cil de usar para todos nuestros visitantes. Para lograr este objetivo, hemos implementado el plugin One Click Accessibility en nuestro sitio desarrollado en WordPress, que ofrece las siguientes caracter\u00edsticas [&hellip;]<\/p>\n","protected":false},"author":1,"featured_media":0,"parent":0,"menu_order":0,"comment_status":"closed","ping_status":"open","template":"","meta":{"_et_pb_use_builder":"on","_et_pb_old_content":"","_et_gb_content_width":"","footnotes":""},"class_list":["post-240347","page","type-page","status-publish","hentry"],"_links":{"self":[{"href":"https:\/\/cdf.cat\/es\/wp-json\/wp\/v2\/pages\/240347","targetHints":{"allow":["GET"]}}],"collection":[{"href":"https:\/\/cdf.cat\/es\/wp-json\/wp\/v2\/pages"}],"about":[{"href":"https:\/\/cdf.cat\/es\/wp-json\/wp\/v2\/types\/page"}],"author":[{"embeddable":true,"href":"https:\/\/cdf.cat\/es\/wp-json\/wp\/v2\/users\/1"}],"replies":[{"embeddable":true,"href":"https:\/\/cdf.cat\/es\/wp-json\/wp\/v2\/comments?post=240347"}],"version-history":[{"count":3,"href":"https:\/\/cdf.cat\/es\/wp-json\/wp\/v2\/pages\/240347\/revisions"}],"predecessor-version":[{"id":240352,"href":"https:\/\/cdf.cat\/es\/wp-json\/wp\/v2\/pages\/240347\/revisions\/240352"}],"wp:attachment":[{"href":"https:\/\/cdf.cat\/es\/wp-json\/wp\/v2\/media?parent=240347"}],"curies":[{"name":"wp","href":"https:\/\/api.w.org\/{rel}","templated":true}]}}