{"id":240306,"date":"2023-11-20T16:20:06","date_gmt":"2023-11-20T14:20:06","guid":{"rendered":"https:\/\/lipsum.cat\/politica-de-cookies\/"},"modified":"2023-11-20T16:40:49","modified_gmt":"2023-11-20T14:40:49","slug":"politica-de-cookies","status":"publish","type":"page","link":"https:\/\/cdf.cat\/es\/politica-de-cookies\/","title":{"rendered":"Pol\u00edtica de cookies"},"content":{"rendered":"<p>[et_pb_section fb_built=\u00bb1&#8243; _builder_version=\u00bb4.23.1&#8243; _module_preset=\u00bbdefault\u00bb global_colors_info=\u00bb{}\u00bb][et_pb_row _builder_version=\u00bb4.23.1&#8243; _module_preset=\u00bbdefault\u00bb global_colors_info=\u00bb{}\u00bb][et_pb_column type=\u00bb4_4&#8243; _builder_version=\u00bb4.23.1&#8243; _module_preset=\u00bbdefault\u00bb global_colors_info=\u00bb{}\u00bb][et_pb_text _builder_version=\u00bb4.23.1&#8243; _module_preset=\u00bbdefault\u00bb global_colors_info=\u00bb{}\u00bb]El sitio web de CDF utiliza cookies para ofrecer una mejor experiencia de navegaci\u00f3n. Al navegar por la web, usted acepta el uso de las cookies. En cualquier momento puede desactivarlas siguiendo las instrucciones espec\u00edficas para su navegador.<\/p>\n<h2>1. \u00bfQUE SON LAS COOKIES?<\/h2>\n<p>Las cookies son peque\u00f1os archivos que los sitios web almacenan en el terminal del usuario y permiten guardar informaci\u00f3n referente a su visita como pueden ser las credenciales de usuario o los h\u00e1bitos de navegaci\u00f3n.<\/p>\n<h2>2. TIPUS DE COOKIES UTILIZADAS<\/h2>\n<p>El sitio web de CDF utiliza cookies de sesi\u00f3n y cookies de an\u00e1lisis estad\u00edstico. A continuaci\u00f3n se describe la finalidad de cada uno de estos tipos:<\/p>\n<p><span id=\"u9348-3\">Fines t\u00e9cnicos:<\/span> Son necesarias para el funcionamiento de la p\u00e1gina web. Son las llamadas tambi\u00e9n estrictamente necesarias. Hacen posible el control de tr\u00e1fico desde el servidor a m\u00faltiples usuarios al mismo tiempo, la identificaci\u00f3n y el acceso como usuario del sistema, etc.<\/p>\n<p><span id=\"u9348-6\">Personalizaci\u00f3n:<\/span> Hacen posible que cada usuario pueda configurar aspectos como el lenguaje en el que desea ver la p\u00e1gina web, formatos de visualizaci\u00f3n, etc.<\/p>\n<p><span id=\"u9348-9\">An\u00e1lisis o rendimiento:<\/span> Permiten medir el n\u00famero de visitas y criterios de navegaci\u00f3n de diferentes \u00e1reas de la web.<\/p>\n<p><span id=\"u9348-12\">Publicidad:<\/span> Permiten implementar par\u00e1metros de eficiencia en la publicidad ofrecida en las p\u00e1ginas web.<\/p>\n<p><span id=\"u9348-15\">Publicidad comportamental:<\/span> Permiten implementar par\u00e1metros de eficiencia en la publicidad ofrecida a las p\u00e1ginas web, basados en informaci\u00f3n sobre el comportamiento de los usuarios.<\/p>\n<h2>3. COMO DESINSTALAR COOKIES<\/h2>\n<p>Si quieres borrar de tu navegador las cookies registradas por www.cdf.cat, aqu\u00ed tienes las instrucciones para diferentes navegadores:<\/p>\n<p id=\"u9352-5\">Internet Explorer<\/p>\n<p id=\"u9352-7\">Google Chrome<\/p>\n<p id=\"u9352-9\">Firefox<\/p>\n<p><span id=\"u9352-10\">Safari<\/span> (en ingl\u00e9s)<\/p>\n<p>&nbsp;<\/p>\n<ol id=\"u9352-20\" class=\"list0 nls-None\">\n<li>Entra en el men\u00fa Safari&gt; Prefer\u00e9ncias.<\/li>\n<li>En la secci\u00f3n Privacidad, pulsa el bot\u00f3n Detalles.<\/li>\n<li>Selecciona el sitio web que almacena cookies y pulsa Eliminar, o pulsa Eliminar Todos para borrar todas las cookies.<\/li>\n<\/ol>\n<p>[\/et_pb_text][\/et_pb_column][\/et_pb_row][\/et_pb_section]<\/p>\n","protected":false},"excerpt":{"rendered":"<p>El sitio web de CDF utiliza cookies para ofrecer una mejor experiencia de navegaci\u00f3n. Al navegar por la web, usted acepta el uso de las cookies. En cualquier momento puede desactivarlas siguiendo las instrucciones espec\u00edficas para su navegador. 1. \u00bfQUE SON LAS COOKIES? Las cookies son peque\u00f1os archivos que los sitios web almacenan en el [&hellip;]<\/p>\n","protected":false},"author":1,"featured_media":0,"parent":0,"menu_order":0,"comment_status":"closed","ping_status":"open","template":"","meta":{"_et_pb_use_builder":"on","_et_pb_old_content":"","_et_gb_content_width":"","footnotes":""},"class_list":["post-240306","page","type-page","status-publish","hentry"],"_links":{"self":[{"href":"https:\/\/cdf.cat\/es\/wp-json\/wp\/v2\/pages\/240306","targetHints":{"allow":["GET"]}}],"collection":[{"href":"https:\/\/cdf.cat\/es\/wp-json\/wp\/v2\/pages"}],"about":[{"href":"https:\/\/cdf.cat\/es\/wp-json\/wp\/v2\/types\/page"}],"author":[{"embeddable":true,"href":"https:\/\/cdf.cat\/es\/wp-json\/wp\/v2\/users\/1"}],"replies":[{"embeddable":true,"href":"https:\/\/cdf.cat\/es\/wp-json\/wp\/v2\/comments?post=240306"}],"version-history":[{"count":3,"href":"https:\/\/cdf.cat\/es\/wp-json\/wp\/v2\/pages\/240306\/revisions"}],"predecessor-version":[{"id":240311,"href":"https:\/\/cdf.cat\/es\/wp-json\/wp\/v2\/pages\/240306\/revisions\/240311"}],"wp:attachment":[{"href":"https:\/\/cdf.cat\/es\/wp-json\/wp\/v2\/media?parent=240306"}],"curies":[{"name":"wp","href":"https:\/\/api.w.org\/{rel}","templated":true}]}}