{"id":240286,"date":"2023-11-10T21:25:14","date_gmt":"2023-11-10T19:25:14","guid":{"rendered":"https:\/\/lipsum.cat\/politica-de-privacidad\/"},"modified":"2023-11-20T16:18:41","modified_gmt":"2023-11-20T14:18:41","slug":"politica-de-privacidad","status":"publish","type":"page","link":"https:\/\/cdf.cat\/es\/politica-de-privacidad\/","title":{"rendered":"Pol\u00edtica de privacidad"},"content":{"rendered":"<p>[et_pb_section fb_built=\u00bb1&#8243; _builder_version=\u00bb4.23.1&#8243; _module_preset=\u00bbdefault\u00bb global_colors_info=\u00bb{}\u00bb][et_pb_row _builder_version=\u00bb4.23.1&#8243; _module_preset=\u00bbdefault\u00bb global_colors_info=\u00bb{}\u00bb][et_pb_column type=\u00bb4_4&#8243; _builder_version=\u00bb4.23.1&#8243; _module_preset=\u00bbdefault\u00bb global_colors_info=\u00bb{}\u00bb][et_pb_text _builder_version=\u00bb4.23.1&#8243; _module_preset=\u00bbdefault\u00bb hover_enabled=\u00bb0&#8243; global_colors_info=\u00bb{}\u00bb sticky_enabled=\u00bb0&#8243;]<\/p>\n<h1>Pol\u00edtica de Privacidad<\/h1>\n<p>Identidad: CONDUCCIONES PARA DIN\u00c1MICA DE FLUIDOS, S.L.<\/p>\n<p>CIF: B62236344<\/p>\n<p>Direcci\u00f3n Postal Postal: 08160<\/p>\n<p>Tel\u00e9fono: (93) 572 15 34<\/p>\n<p>Correu electr\u00f2nic: <a class=\"nonblock\" href=\"mailto:admin@cdf.cat\">admin@cdf.cat<\/a><\/p>\n<h3>1. INFORMACI\u00d3N Y CONSENTIMIENTO<\/h3>\n<p>Mediante la aceptaci\u00f3n de la presente Pol\u00edtica de Privacidad, el usuario queda informado y presta su consentimiento libre, informado, espec\u00edfico e inequ\u00edvoco para que los datos personales que facilite a trav\u00e9s de la p\u00e1gina web ubicada en la URL www.cdf.cat (en adelante, el \u201cSitio Web\u201d) sean tratados por CONDUCCIONES PARA DIN\u00c1MICA DE FLUIDOS, S.L. <span id=\"u9233-2\">CONDUCCIONES PARA DIN\u00c1MICA DE FLUIDOS, SL.<\/span><\/p>\n<h3>2. OBLIGATORIEDAD DE FACILITAR LOS DATOS<\/h3>\n<p>Los datos solicitados en los formularios de la Web son con car\u00e1cter general, obligatorios (salvo que en el campo requerido se especifique lo contrario) para cumplir con las finalidades establecidas. Por lo tanto, si no se facilitan los mismos o no se facilitan correctamente no podr\u00e1n atenderse las mismas, sin perjuicio de que podr\u00e1 visualizar libremente el contenido del Sitio Web.<\/p>\n<h3>3. \u00bfCON QU\u00c9 FINALIDAD TRATAR\u00c1 <span id=\"u9238-2\">CONDUCCIONES PARA DIN\u00c1MICA DE FLUIDOS, S.L.<\/span> LOS DATOS PERSONALES DEL USUARIO Y DURANTE CU\u00c1NTO TIEMPO?<\/h3>\n<p>Los datos personales facilitados a trav\u00e9s del Sitio Web ser\u00e1n tratados por <span id=\"u9237-2\">CONDUCCIONES PARA DIN\u00c1MICA DE FLUIDOS, S.L.<\/span> conforme a las siguientes finalidades:<\/p>\n<ul id=\"u9237-7\" class=\"list0 nls-None\">\n<li>Gestionar, tramitar y dar respuesta a peticiones, solicitudes, incidencias o consultas del Usuario, cuando este facilite sus datos a trav\u00e9s del formulario \u201cContacto\u201d. Los datos del Usuario ser\u00e1n conservados con ese fin hasta que \u00e9ste se oponga o revoque su consentimiento. Les dades de l&#8217;usuari seran conservades amb aquest finalitat fins que aquest s&#8217;oposi o revoqui el seu consentiment.<\/li>\n<\/ul>\n<h3>4. \u00bfQU\u00c9 DATOS DEL USUARIO TRATAR\u00c1 <span id=\"u9240-2\">CONDUCCIONES PARA DIN\u00c1MICA DE FLUIDOS, S.L.<\/span>?<\/h3>\n<p><span id=\"u9239\">CONDUCCIONES PARA DIN\u00c1MICA DE FLUIDOS, S.L.<\/span> tratar\u00e1 las siguientes categor\u00edas de datos del usuario:<\/p>\n<ul id=\"u9239-8\" class=\"list0 nls-None\">\n<li>Datos identificativos.<\/li>\n<li>Datos de contacto.<\/li>\n<\/ul>\n<h3>5. \u00bfCU\u00c1L ES LA LEGITIMACI\u00d3N DEL TRATAMIENTO DE LOS DATOS DEL USUARIO?<\/h3>\n<p>El tratamiento de los datos del Usuario por parte de <span id=\"u9243-2\">CONDUCCIONES PARA DIN\u00c1MICA DE FLUIDOS, S.L.<\/span> est\u00e1 basado en el consentimiento que se le solicita y que puede retirar en cualquier momento. No obstante, en caso de retirar su consentimiento, ello no afectar\u00e1 a la licitud de los tratamientos efectuados con anterioridad.<\/p>\n<p>Los consentimientos obtenidos para las finalidades mencionadas son independientes por lo que el usuario podr\u00e1 revocar solo uno de ellos no afectando a los dem\u00e1s.<\/p>\n<h3>6. \u00bfA QU\u00c9 DESTINATARIOS SE COMUNICAR\u00c1N LOS DATOS DEL USUARIO?<\/h3>\n<p>Los datos no ser\u00e1n comunicados a terceros salvo en los casos en que exista una obligaci\u00f3n legal o sea necesario para cumplir con la finalidad del tratamiento.<\/p>\n<h3>7. RESPONSABILIDAD DEL USUARIO<\/h3>\n<p>El usuario:<\/p>\n<ul id=\"u9247-7\" class=\"list0 nls-None\">\n<li>Garantiza que los datos que facilita a <span id=\"u9247-4\">CONDUCIONES PARA DIN\u00c1MICA DE FLUIDOS, S.L.<\/span> son verdaderos, exactos, completos y actualizados. A estos efectos, el Usuario responde de la veracidad de todos los datos que comunique y mantendr\u00e1 convenientemente actualizada la informaci\u00f3n facilitada, de tal forma que responda a su situaci\u00f3n real.<\/li>\n<li>Ser\u00e1 responsable de las informaciones falsas o inexactas que proporcione a trav\u00e9s del Sitio Web y de los da\u00f1os y perjuicios, directos o indirectos, que ello cause a <span id=\"u9247-9\">CONDUCIONES PARA DIN\u00c1MICA DE FLUIDOS, S.L.<\/span> o a terceros.<\/li>\n<\/ul>\n<h3>8. COMUNICACIONES COMERCIALES Y PROMOCIONALES<\/h3>\n<p><span id=\"u9249\">CONDUCIONES PARA DIN\u00c1MICA DE FLUIDOS, S.L.<\/span> no realiza comunicaciones comerciales y promocionales. En todo caso si en alguna ocasi\u00f3n se realiza alguna comunicaci\u00f3n de este tipo, \u00e9sta ser\u00e1 dirigida \u00fanica y exclusivamente a aquellos usuarios que hubieran dado previamente su consentimiento para la recepci\u00f3n de estas. En caso de que el usuario desee dejar de recibir comunicaciones comerciales o promocionales por parte de <span id=\"u9249-3\">CONDUCIONES PARA DIN\u00c1MICA DE FLUIDOS, S.L.<\/span> S.L. puede solicitar la baja del servicio enviando un email a la siguiente direcci\u00f3n de correo electr\u00f3nico: <a class=\"nonblock\" href=\"mailto:admin@cdf.cat\">admin@cdf.cat<\/a><\/p>\n<h3>9. EJERCICIO DE DERECHOS<\/h3>\n<p>El usuario puede enviar un escrito a <span id=\"u9251-2\">CONDUCIONES PARA DIN\u00c1MICA DE FLUIDOS, S.L.<\/span> con la Referencia \u201cProtecci\u00f3n de Datos\u201d a la direcci\u00f3n de correo electr\u00f3nico <a class=\"nonblock\" href=\"mailto:admin@cdf.cat\">admin@cdf.cat<\/a>, adjuntando fotocopia de su documento de identidad, en cualquier momento y de manera gratuita, para:<\/p>\n<ul id=\"u9251-37\" class=\"list0 nls-None\">\n<li><span id=\"u9251-8\">Revocar los consentimientos<\/span> otorgados.<\/li>\n<li> <span id=\"u9251-12\">Acceso<\/span>. Puede solicitar el acceso a la informaci\u00f3n personal que conservamos sobre usted.<\/li>\n<li><span id=\"u9251-15\">Rectificaci\u00f3n<\/span>. Puede solicitar que corrijamos, modifiquemos o suprimamos cualquier informaci\u00f3n incompleta, desactualizada o inexacta.<\/li>\n<li><span id=\"u9251-18\">Supresi\u00f3n<\/span>. Puede solicitar la supresi\u00f3n de su informaci\u00f3n personal, cuando, entre otros motivos, los datos ya no sean necesarios para los fines que fueron recogidos.<\/li>\n<li><span id=\"u9251-21\">Oposici\u00f3n<\/span>. Tambi\u00e9n puede oponerse al tratamiento de su informaci\u00f3n personal basados en inter\u00e9s leg\u00edtimo.<\/li>\n<li><span id=\"u9251-24\">Limitaci\u00f3n del tratamiento<\/span>. Obtener de <span id=\"u9251-26\">CONDUCIONES PARA DIN\u00c1MICA DE FLUIDOS, S.L.<\/span> la limitaci\u00f3n del tratamiento de los datos cuando se cumpla alguna de las condiciones previstas en la normativa de protecci\u00f3n de datos.<\/li>\n<li><span id=\"u9251-29\">Portabilidad de sus datos<\/span>. Derecho a que le entreguen sus datos para que pueda trasmitirlos a otro responsable.<\/li>\n<li><span id=\"u9251-32\">Reclamaci\u00f3n<\/span>. Tambi\u00e9n tiene derecho a poner una reclamaci\u00f3n ante la Agencia Espa\u00f1ola de Protecci\u00f3n de Datos (http:\/\/www.agpd.es), cuando el interesado considere que <span id=\"u9251-34\">CONDUCIONES PARA DIN\u00c1MICA DE FLUIDOS, S.L.<\/span> ha vulnerado los derechos que le son reconocidos por la normativa aplicable en protecci\u00f3n de datos.<\/li>\n<\/ul>\n<h3>10. MEDIDAS DE SEGURIDAD<\/h3>\n<p><span id=\"u9253\">CONDUCCIONES PARA DIN\u00c1MICA DE FLUIDOS, S.L.<\/span> tratar\u00e1 los datos del usuario en todo momento de forma absolutamente confidencial y guardando el preceptivo deber de secreto respecto de los mismos, de conformidad con lo previsto en la normativa de aplicaci\u00f3n, adoptando al efecto las medidas de \u00edndole t\u00e9cnica y organizativas necesarias que garanticen la seguridad de sus datos y eviten su alteraci\u00f3n, p\u00e9rdida, tratamiento o acceso no autorizado, habida cuenta del estado de la tecnolog\u00eda, la naturaleza de los datos almacenados y los riesgos a que est\u00e1n expuestos.<\/p>\n<p>[\/et_pb_text][\/et_pb_column][\/et_pb_row][\/et_pb_section]<\/p>\n","protected":false},"excerpt":{"rendered":"<p>Pol\u00edtica de Privacidad Identidad: CONDUCCIONES PARA DIN\u00c1MICA DE FLUIDOS, S.L. CIF: B62236344 Direcci\u00f3n Postal Postal: 08160 Tel\u00e9fono: (93) 572 15 34 Correu electr\u00f2nic: admin@cdf.cat 1. INFORMACI\u00d3N Y CONSENTIMIENTO Mediante la aceptaci\u00f3n de la presente Pol\u00edtica de Privacidad, el usuario queda informado y presta su consentimiento libre, informado, espec\u00edfico e inequ\u00edvoco para que los datos personales [&hellip;]<\/p>\n","protected":false},"author":1,"featured_media":0,"parent":0,"menu_order":0,"comment_status":"closed","ping_status":"open","template":"","meta":{"_et_pb_use_builder":"on","_et_pb_old_content":"","_et_gb_content_width":"","footnotes":""},"class_list":["post-240286","page","type-page","status-publish","hentry"],"_links":{"self":[{"href":"https:\/\/cdf.cat\/es\/wp-json\/wp\/v2\/pages\/240286","targetHints":{"allow":["GET"]}}],"collection":[{"href":"https:\/\/cdf.cat\/es\/wp-json\/wp\/v2\/pages"}],"about":[{"href":"https:\/\/cdf.cat\/es\/wp-json\/wp\/v2\/types\/page"}],"author":[{"embeddable":true,"href":"https:\/\/cdf.cat\/es\/wp-json\/wp\/v2\/users\/1"}],"replies":[{"embeddable":true,"href":"https:\/\/cdf.cat\/es\/wp-json\/wp\/v2\/comments?post=240286"}],"version-history":[{"count":3,"href":"https:\/\/cdf.cat\/es\/wp-json\/wp\/v2\/pages\/240286\/revisions"}],"predecessor-version":[{"id":240298,"href":"https:\/\/cdf.cat\/es\/wp-json\/wp\/v2\/pages\/240286\/revisions\/240298"}],"wp:attachment":[{"href":"https:\/\/cdf.cat\/es\/wp-json\/wp\/v2\/media?parent=240286"}],"curies":[{"name":"wp","href":"https:\/\/api.w.org\/{rel}","templated":true}]}}