{"id":240079,"date":"2023-11-12T14:28:34","date_gmt":"2023-11-12T12:28:34","guid":{"rendered":"https:\/\/lipsum.cat\/montajes-mecanicos-de-loops\/"},"modified":"2023-12-01T17:42:20","modified_gmt":"2023-12-01T15:42:20","slug":"montajes-mecanicos-de-loops","status":"publish","type":"page","link":"https:\/\/cdf.cat\/es\/montajes-mecanicos-de-loops\/","title":{"rendered":"Montajes Mec\u00e1nicos de Loops"},"content":{"rendered":"<p>[et_pb_section fb_built=\u00bb1&#8243; disabled_on=\u00bboff|off|off\u00bb admin_label=\u00bbCode For Masonry Gallery\u00bb module_class=\u00bbfree-code-explainer-wrapper\u00bb _builder_version=\u00bb4.16&#8243; _module_preset=\u00bbdefault\u00bb background_color=\u00bb#f7f7f7&#8243; locked=\u00bboff\u00bb global_colors_info=\u00bb{}\u00bb][et_pb_row _builder_version=\u00bb4.16&#8243; _module_preset=\u00bbdefault\u00bb global_colors_info=\u00bb{}\u00bb][et_pb_column type=\u00bb4_4&#8243; _builder_version=\u00bb4.16&#8243; _module_preset=\u00bbdefault\u00bb global_colors_info=\u00bb{}\u00bb][et_pb_code admin_label=\u00bbCode For Masonry Gallery\u00bb module_class=\u00bbfree-masonry-code-explainer\u00bb _builder_version=\u00bb4.23.1&#8243; saved_tabs=\u00bball\u00bb global_colors_info=\u00bb{}\u00bb]<\/p>\n<style><!-- [et_pb_line_break_holder] -->.free-297-light .et_pb_image, .free-297-light .free-grid-sizer { <!-- [et_pb_line_break_holder] -->  width: 50%; <!-- [et_pb_line_break_holder] -->}<!-- [et_pb_line_break_holder] -->@media screen and (max-width: 1224px) {<!-- [et_pb_line_break_holder] -->  .free-297-light .free-grid-sizer, .free-297-light .et_pb_image { <!-- [et_pb_line_break_holder] -->    width: 50%;<!-- [et_pb_line_break_holder] -->  }<!-- [et_pb_line_break_holder] -->}<!-- [et_pb_line_break_holder] --><!-- [et_pb_line_break_holder] -->@media screen and (max-width: 720px) {<!-- [et_pb_line_break_holder] -->  .free-297-light .free-grid-sizer, .free-297-light .et_pb_image { <!-- [et_pb_line_break_holder] -->    width: 50%; <!-- [et_pb_line_break_holder] -->  }<!-- [et_pb_line_break_holder] -->}<!-- [et_pb_line_break_holder] --><!-- [et_pb_line_break_holder] -->@media screen and (max-width: 480px) {<!-- [et_pb_line_break_holder] -->  .free-297-light .free-grid-sizer, .free-297-light .et_pb_image { <!-- [et_pb_line_break_holder] -->    width: 50%; <!-- [et_pb_line_break_holder] -->  }<!-- [et_pb_line_break_holder] -->}<!-- [et_pb_line_break_holder] -->.free-297-light .et_pb_image {<!-- [et_pb_line_break_holder] -->    margin-bottom: 0!important;<!-- [et_pb_line_break_holder] -->  \tborder: 8px solid transparent;<!-- [et_pb_line_break_holder] -->  \toverflow: hidden;<!-- [et_pb_line_break_holder] -->}<!-- [et_pb_line_break_holder] --><\/style>\n<p><!-- [et_pb_line_break_holder] --><!-- [et_pb_line_break_holder] --><script src=\"https:\/\/unpkg.com\/masonry-layout@4\/dist\/masonry.pkgd.min.js\"><\/script><!-- [et_pb_line_break_holder] --><script src=\"https:\/\/unpkg.com\/imagesloaded@4\/imagesloaded.pkgd.min.js\"><\/script><!-- [et_pb_line_break_holder] --><script type=\"text\/javascript\"><!-- [et_pb_line_break_holder] -->\tjQuery(function($){<!-- [et_pb_line_break_holder] --><!-- [et_pb_line_break_holder] -->\t\t$('.free-297-light').masonry({<!-- [et_pb_line_break_holder] -->\t\t\t\"itemSelector\": \".free-297-light .et_pb_image\",<!-- [et_pb_line_break_holder] -->\t\t\t\"columnWidth\": \".free-297-light .free-grid-sizer\",<!-- [et_pb_line_break_holder] -->\t\t});<!-- [et_pb_line_break_holder] -->      <!-- [et_pb_line_break_holder] -->\t\t$('.free-297-light').masonry('layout');<!-- [et_pb_line_break_holder] -->\t  <!-- [et_pb_line_break_holder] -->\t\t$('.free-297-light').imagesLoaded( function() {<!-- [et_pb_line_break_holder] -->\t\t\t$('.free-297-light').masonry('layout');<!-- [et_pb_line_break_holder] -->\t\t});<!-- [et_pb_line_break_holder] -->\t  <!-- [et_pb_line_break_holder] -->\t\t$(window).on('resize', function(){<!-- [et_pb_line_break_holder] -->\t\t\t$('.free-297-light').masonry('layout');<!-- [et_pb_line_break_holder] -->\t\t});<!-- [et_pb_line_break_holder] -->      <!-- [et_pb_line_break_holder] -->  });<!-- [et_pb_line_break_holder] --><\/script>[\/et_pb_code][et_pb_code admin_label=\u00bbCSS For Code Explainer\u00bb _builder_version=\u00bb4.16&#8243; custom_css_main_element=\u00bbdisplay: none!important;\u00bb saved_tabs=\u00bball\u00bb global_colors_info=\u00bb{}\u00bb]<\/p>\n<style><!-- [et_pb_line_break_holder] -->html:not(.et-fb-root-ancestor) .free-code-explainer-wrapper,<!-- [et_pb_line_break_holder] -->  .et-fb-root-ancestor-sibling .free-code-explainer-wrapper,<!-- [et_pb_line_break_holder] -->  \t.et-fb-root-ancestor-sibling.free-code-explainer-wrapper {<!-- [et_pb_line_break_holder] -->\tdisplay: none!important;<!-- [et_pb_line_break_holder] -->}<!-- [et_pb_line_break_holder] -->html.et-fb-root-ancestor .free-masonry-code-explainer.et_pb_code {<!-- [et_pb_line_break_holder] -->    background: #151515!important;<!-- [et_pb_line_break_holder] -->\toutline: 4px double rgba(255, 255, 255, 0.76);<!-- [et_pb_line_break_holder] -->    outline-offset: -18px;<!-- [et_pb_line_break_holder] -->}<!-- [et_pb_line_break_holder] -->html.et-fb-root-ancestor .free-masonry-code-explainer.et_pb_code:before {<!-- [et_pb_line_break_holder] -->    content: 'This is the main code for masonry gallery. You may go to this code module settings & copy the code to WP Admin > Divi > Theme Options > Integration > Header Code. And lastly remove this section. You may change the width of masonry gallery here.';<!-- [et_pb_line_break_holder] -->    display: block;<!-- [et_pb_line_break_holder] -->    position: relative;<!-- [et_pb_line_break_holder] -->    padding: 38px;<!-- [et_pb_line_break_holder] -->    color: #fff;<!-- [et_pb_line_break_holder] -->    text-align: center;<!-- [et_pb_line_break_holder] -->    font-size: 18px;<!-- [et_pb_line_break_holder] -->    font-weight: 800;<!-- [et_pb_line_break_holder] -->    text-transform: uppercase;<!-- [et_pb_line_break_holder] -->    line-height: 1.7em;<!-- [et_pb_line_break_holder] -->}<!-- [et_pb_line_break_holder] --><!-- [et_pb_line_break_holder] --><\/style>\n<p>[\/et_pb_code][\/et_pb_column][\/et_pb_row][\/et_pb_section][et_pb_section fb_built=\u00bb1&#8243; admin_label=\u00bbMasonry Gallery\u00bb _builder_version=\u00bb4.16&#8243; _module_preset=\u00bbdefault\u00bb global_colors_info=\u00bb{}\u00bb][et_pb_row _builder_version=\u00bb4.23.1&#8243; _module_preset=\u00bbdefault\u00bb custom_margin=\u00bb||15px||false|false\u00bb custom_padding=\u00bb0px||0px||false|false\u00bb border_width_bottom=\u00bb1px\u00bb locked=\u00bboff\u00bb global_colors_info=\u00bb{}\u00bb][et_pb_column type=\u00bb4_4&#8243; _builder_version=\u00bb4.23.1&#8243; _module_preset=\u00bbdefault\u00bb global_colors_info=\u00bb{}\u00bb][et_pb_text module_class=\u00bbfree-section-header free-db-light\u00bb _builder_version=\u00bb4.23.1&#8243; text_font=\u00bb||||||||\u00bb text_font_size=\u00bb16px\u00bb text_line_height=\u00bb2em\u00bb header_font=\u00bb|700|||||||\u00bb header_text_color=\u00bb#000000&#8243; header_font_size=\u00bb45px\u00bb header_line_height=\u00bb1.35em\u00bb header_2_font=\u00bb||||||||\u00bb header_2_font_size=\u00bb50px\u00bb header_2_line_height=\u00bb1.2em\u00bb header_4_font=\u00bbNanum Gothic|700||on|||||\u00bb header_4_font_size=\u00bb14px\u00bb header_4_letter_spacing=\u00bb2px\u00bb header_4_line_height=\u00bb1.6em\u00bb max_width=\u00bb600px\u00bb module_alignment=\u00bbleft\u00bb header_2_font_size_tablet=\u00bb42px\u00bb header_2_font_size_phone=\u00bb32px\u00bb header_2_font_size_last_edited=\u00bbon|desktop\u00bb locked=\u00bboff\u00bb global_colors_info=\u00bb{}\u00bb]<\/p>\n<h4>Servicios CDF<\/h4>\n<p>[\/et_pb_text][\/et_pb_column][\/et_pb_row][et_pb_row column_structure=\u00bb1_3,1_3,1_3&#8243; _builder_version=\u00bb4.23.1&#8243; custom_padding=\u00bb0px||||false|false\u00bb locked=\u00bboff\u00bb global_colors_info=\u00bb{}\u00bb][et_pb_column type=\u00bb1_3&#8243; _builder_version=\u00bb4.16&#8243; custom_padding=\u00bb|||\u00bb global_colors_info=\u00bb{}\u00bb custom_padding__hover=\u00bb|||\u00bb][et_pb_text module_class=\u00bbfree-section-header free-db-light\u00bb _builder_version=\u00bb4.23.1&#8243; text_font=\u00bb||||||||\u00bb text_font_size=\u00bb16px\u00bb text_line_height=\u00bb2em\u00bb header_font=\u00bb|700|||||||\u00bb header_text_color=\u00bbgcid-4e75685e-95b7-4cef-a4fb-152b2654bf50&#8243; header_font_size=\u00bb45px\u00bb header_line_height=\u00bb1.35em\u00bb header_2_font=\u00bb||||||||\u00bb header_2_font_size=\u00bb50px\u00bb header_2_line_height=\u00bb1.2em\u00bb header_4_font=\u00bbNanum Gothic|700||on|||||\u00bb header_4_text_color=\u00bbgcid-4e75685e-95b7-4cef-a4fb-152b2654bf50&#8243; header_4_font_size=\u00bb14px\u00bb header_4_letter_spacing=\u00bb2px\u00bb header_4_line_height=\u00bb1.6em\u00bb max_width=\u00bb600px\u00bb module_alignment=\u00bbleft\u00bb header_2_font_size_tablet=\u00bb42px\u00bb header_2_font_size_phone=\u00bb32px\u00bb header_2_font_size_last_edited=\u00bbon|desktop\u00bb locked=\u00bboff\u00bb global_colors_info=\u00bb{%22gcid-4e75685e-95b7-4cef-a4fb-152b2654bf50%22:%91%22header_4_text_color%22,%22header_text_color%22,%22header_4_text_color%22,%22header_4_text_color%22%93}\u00bb]<\/p>\n<h1>Montajes Mec\u00e1nicos de Loops<\/h1>\n<p>[\/et_pb_text][\/et_pb_column][et_pb_column type=\u00bb1_3&#8243; _builder_version=\u00bb4.16&#8243; custom_padding=\u00bb|||\u00bb global_colors_info=\u00bb{}\u00bb custom_padding__hover=\u00bb|||\u00bb][et_pb_text module_class=\u00bbfree-section-header free-db-light\u00bb _builder_version=\u00bb4.23.1&#8243; text_font=\u00bb||||||||\u00bb text_font_size=\u00bb16px\u00bb text_line_height=\u00bb2em\u00bb header_font=\u00bb|700|||||||\u00bb header_text_color=\u00bb#000000&#8243; header_font_size=\u00bb45px\u00bb header_line_height=\u00bb1.35em\u00bb header_2_font=\u00bb||||||||\u00bb header_2_font_size=\u00bb50px\u00bb header_2_line_height=\u00bb1.2em\u00bb header_4_font=\u00bbNanum Gothic|700||on|||||\u00bb header_4_text_color=\u00bbgcid-4e75685e-95b7-4cef-a4fb-152b2654bf50&#8243; header_4_font_size=\u00bb14px\u00bb header_4_letter_spacing=\u00bb2px\u00bb header_4_line_height=\u00bb1.6em\u00bb max_width=\u00bb600px\u00bb module_alignment=\u00bbcenter\u00bb header_2_font_size_tablet=\u00bb42px\u00bb header_2_font_size_phone=\u00bb32px\u00bb header_2_font_size_last_edited=\u00bbon|desktop\u00bb locked=\u00bboff\u00bb global_colors_info=\u00bb{%22gcid-4e75685e-95b7-4cef-a4fb-152b2654bf50%22:%91%22header_4_text_color%22%93}\u00bb]<\/p>\n<p>Montajes mec\u00e1nicos de Loops de agua ultra pura y purificada mediante soldadura orbital. Siguiendo est\u00e1ndares habituales de validaci\u00f3n.<\/p>\n<p>As\u00ed mismo disponemos de personal cualificado y certificado para ello, siguiendo protocolos establecidos de procedimiento en:<\/p>\n<p>[\/et_pb_text][\/et_pb_column][et_pb_column type=\u00bb1_3&#8243; _builder_version=\u00bb4.16&#8243; custom_padding=\u00bb|||\u00bb global_colors_info=\u00bb{}\u00bb custom_padding__hover=\u00bb|||\u00bb][et_pb_text module_class=\u00bbfree-section-header free-db-light\u00bb _builder_version=\u00bb4.23.1&#8243; text_font=\u00bb||||||||\u00bb text_font_size=\u00bb16px\u00bb text_line_height=\u00bb2em\u00bb header_font=\u00bb|700|||||||\u00bb header_text_color=\u00bb#000000&#8243; header_font_size=\u00bb45px\u00bb header_line_height=\u00bb1.35em\u00bb header_2_font=\u00bb||||||||\u00bb header_2_font_size=\u00bb50px\u00bb header_2_line_height=\u00bb1.2em\u00bb header_4_font=\u00bbNanum Gothic|700||on|||||\u00bb header_4_text_color=\u00bbgcid-4e75685e-95b7-4cef-a4fb-152b2654bf50&#8243; header_4_font_size=\u00bb14px\u00bb header_4_letter_spacing=\u00bb2px\u00bb header_4_line_height=\u00bb1.6em\u00bb max_width=\u00bb600px\u00bb module_alignment=\u00bbcenter\u00bb header_2_font_size_tablet=\u00bb42px\u00bb header_2_font_size_phone=\u00bb32px\u00bb header_2_font_size_last_edited=\u00bbon|desktop\u00bb locked=\u00bboff\u00bb global_colors_info=\u00bb{%22gcid-4e75685e-95b7-4cef-a4fb-152b2654bf50%22:%91%22header_4_text_color%22%93}\u00bb]<\/p>\n<ul>\n<li>Soldaduras.<\/li>\n<li>Procedimiento de soldaduras y seguimiento de las mismas.<\/li>\n<li>Pruebas de presi\u00f3n.<\/li>\n<li>Limpieza de circuitos.<\/li>\n<li>Pasivado interior de circuitos.<\/li>\n<li>Limpieza y enjuague para su normalizaci\u00f3n.<\/li>\n<li>Almacenamiento y lazos de agua.<\/li>\n<li>Sistemas de generaci\u00f3n y distribuci\u00f3n de agua para inyectables.<\/li>\n<li>Sistemas de generaci\u00f3n y distribuci\u00f3n de vapor puro.<\/li>\n<\/ul>\n<p>[\/et_pb_text][\/et_pb_column][\/et_pb_row][et_pb_row _builder_version=\u00bb4.16&#8243; _module_preset=\u00bbdefault\u00bb global_colors_info=\u00bb{}\u00bb][et_pb_column type=\u00bb4_4&#8243; module_class=\u00bbfree-297-light free-masonry\u00bb _builder_version=\u00bb4.16&#8243; _module_preset=\u00bbdefault\u00bb global_colors_info=\u00bb{}\u00bb][et_pb_code _builder_version=\u00bb4.16&#8243; _module_preset=\u00bbdefault\u00bb custom_margin=\u00bb||0px||false|false\u00bb global_colors_info=\u00bb{}\u00bb]<\/p>\n<div class=\"free-grid-sizer\"><\/div>\n<p><!-- [et_pb_line_break_holder] --><\/p>\n<div class=\"free-gutter-sizer\"><\/div>\n<p>[\/et_pb_code][et_pb_image src=\u00bbhttps:\/\/cdf.cat\/wp-content\/uploads\/2023\/11\/46-loops.jpg\u00bb title_text=\u00bb46-loops\u00bb _builder_version=\u00bb4.23.1&#8243; _module_preset=\u00bbdefault\u00bb z_index=\u00bb1&#8243; custom_margin=\u00bb||0px||false|false\u00bb global_colors_info=\u00bb{}\u00bb][\/et_pb_image][et_pb_image src=\u00bbhttps:\/\/cdf.cat\/wp-content\/uploads\/2023\/11\/47-loops.jpg\u00bb title_text=\u00bb47-loops\u00bb _builder_version=\u00bb4.23.1&#8243; _module_preset=\u00bbdefault\u00bb z_index=\u00bb1&#8243; custom_margin=\u00bb||0px||false|false\u00bb global_colors_info=\u00bb{}\u00bb][\/et_pb_image][et_pb_image src=\u00bbhttps:\/\/cdf.cat\/wp-content\/uploads\/2023\/11\/48-loops.jpg\u00bb title_text=\u00bb48-loops\u00bb _builder_version=\u00bb4.23.1&#8243; _module_preset=\u00bbdefault\u00bb z_index=\u00bb1&#8243; custom_margin=\u00bb||0px||false|false\u00bb global_colors_info=\u00bb{}\u00bb][\/et_pb_image][et_pb_image src=\u00bbhttps:\/\/cdf.cat\/wp-content\/uploads\/2023\/12\/FRES-1.jpeg\u00bb title_text=\u00bbFRES 1&#8243; _builder_version=\u00bb4.23.1&#8243; _module_preset=\u00bbdefault\u00bb z_index=\u00bb1&#8243; custom_margin=\u00bb||0px||false|false\u00bb hover_enabled=\u00bb0&#8243; global_colors_info=\u00bb{}\u00bb sticky_enabled=\u00bb0&#8243;][\/et_pb_image][et_pb_code admin_label=\u00bbCSS for Masonry Image Module\u00bb _builder_version=\u00bb4.16&#8243; _module_preset=\u00bbdefault\u00bb global_colors_info=\u00bb{}\u00bb]<!-- [et_pb_line_break_holder] -->html.et-fb-root-ancestor .free-masonry .et_pb_image {<!-- [et_pb_line_break_holder] -->  float: none!important;<!-- [et_pb_line_break_holder] -->  display: inline-block!important;<!-- [et_pb_line_break_holder] -->}<!-- [et_pb_line_break_holder] -->.free-masonry .et_pb_image {<!-- [et_pb_line_break_holder] -->  float: left;<!-- [et_pb_line_break_holder] -->  position: relative;<!-- [et_pb_line_break_holder] -->}<!-- [et_pb_line_break_holder] -->.free-masonry .et_pb_image img {<!-- [et_pb_line_break_holder] -->  max-width: 100%;<!-- [et_pb_line_break_holder] -->  margin: 0;<!-- [et_pb_line_break_holder] -->  display: block;<!-- [et_pb_line_break_holder] -->}<!-- [et_pb_line_break_holder] -->.free-masonry .et_pb_image img:after {<!-- [et_pb_line_break_holder] -->  clear:both;<!-- [et_pb_line_break_holder] -->}<!-- [et_pb_line_break_holder] -->[\/et_pb_code][\/et_pb_column][\/et_pb_row][\/et_pb_section][et_pb_section fb_built=\u00bb1&#8243; admin_label=\u00bbClients\u00bb _builder_version=\u00bb4.23.1&#8243; _module_preset=\u00bbdefault\u00bb background_color=\u00bb#f2f6f8&#8243; background_enable_color=\u00bboff\u00bb background_image=\u00bbhttps:\/\/cdf.cat\/wp-content\/uploads\/2023\/11\/banner-sectors.jpg\u00bb background_enable_image=\u00bboff\u00bb global_module=\u00bb238560&#8243; saved_tabs=\u00bball\u00bb global_colors_info=\u00bb{}\u00bb][et_pb_row _builder_version=\u00bb4.23.1&#8243; _module_preset=\u00bbdefault\u00bb global_colors_info=\u00bb{}\u00bb][et_pb_column type=\u00bb4_4&#8243; _builder_version=\u00bb4.23.1&#8243; _module_preset=\u00bbdefault\u00bb global_colors_info=\u00bb{}\u00bb][et_pb_text _builder_version=\u00bb4.23.1&#8243; _module_preset=\u00bbb327cbe4-b1d5-4b66-ad37-40c8f2f061ba\u00bb header_2_font=\u00bb|700|||||||\u00bb header_2_font_size=\u00bb45px\u00bb header_2_line_height=\u00bb1.35em\u00bb header_2_font_size_tablet=\u00bb32px\u00bb header_2_font_size_phone=\u00bb20px\u00bb header_2_font_size_last_edited=\u00bbon|desktop\u00bb locked=\u00bboff\u00bb global_colors_info=\u00bb{}\u00bb]<\/p>\n<h2>Sectores<\/h2>\n<p>[\/et_pb_text][\/et_pb_column][\/et_pb_row][et_pb_row column_structure=\u00bb1_5,1_5,1_5,1_5,1_5&#8243; use_custom_gutter=\u00bbon\u00bb gutter_width=\u00bb2&#8243; make_equal=\u00bbon\u00bb _builder_version=\u00bb4.23.1&#8243; _module_preset=\u00bbdefault\u00bb global_colors_info=\u00bb{}\u00bb][et_pb_column type=\u00bb1_5&#8243; _builder_version=\u00bb4.23.1&#8243; _module_preset=\u00bbdefault\u00bb background_color=\u00bb#f2f6f8&#8243; custom_padding=\u00bb34px|25px|34px|25px|false|false\u00bb animation_style=\u00bbslide\u00bb animation_direction=\u00bbtop\u00bb animation_duration=\u00bb500ms\u00bb animation_intensity_slide=\u00bb10%\u00bb link_option_url=\u00bbhttps:\/\/cdf.cat\/es\/sector-farmaceutico\/\u00bb border_width_all=\u00bb1px\u00bb border_color_all=\u00bb#bbbbbb\u00bb global_colors_info=\u00bb{}\u00bb][et_pb_text _builder_version=\u00bb4.23.1&#8243; _module_preset=\u00bbdefault\u00bb text_font=\u00bbSaira Extra Condensed|700|||||||\u00bb text_letter_spacing=\u00bb2px\u00bb custom_margin=\u00bb||100px||false|false\u00bb global_colors_info=\u00bb{}\u00bb]01.[\/et_pb_text][et_pb_image src=\u00bbhttps:\/\/cdf.cat\/wp-content\/uploads\/2023\/11\/farmaceutic.png\u00bb title_text=\u00bbfarmaceutico\u00bb _builder_version=\u00bb4.23.1&#8243; _module_preset=\u00bbdefault\u00bb width=\u00bb30%\u00bb custom_margin=\u00bb||20px||false|false\u00bb global_colors_info=\u00bb{}\u00bb][\/et_pb_image][et_pb_text _builder_version=\u00bb4.23.1&#8243; _module_preset=\u00bbdefault\u00bb header_4_font_size=\u00bb22px\u00bb global_colors_info=\u00bb{}\u00bb]<\/p>\n<h4>Sector Farmac\u00e9utico<\/h4>\n<p>[\/et_pb_text][\/et_pb_column][et_pb_column type=\u00bb1_5&#8243; _builder_version=\u00bb4.23.1&#8243; _module_preset=\u00bbdefault\u00bb background_color=\u00bb#f2f6f8&#8243; custom_padding=\u00bb34px|25px|34px|25px|false|false\u00bb animation_style=\u00bbslide\u00bb animation_direction=\u00bbtop\u00bb animation_duration=\u00bb500ms\u00bb animation_delay=\u00bb100ms\u00bb animation_intensity_slide=\u00bb10%\u00bb link_option_url=\u00bbhttps:\/\/cdf.cat\/es\/sector-quimico\/\u00bb border_width_all=\u00bb1px\u00bb border_color_all=\u00bb#bbbbbb\u00bb global_colors_info=\u00bb{}\u00bb][et_pb_text _builder_version=\u00bb4.23.1&#8243; _module_preset=\u00bbdefault\u00bb text_font=\u00bbSaira Extra Condensed|700|||||||\u00bb text_letter_spacing=\u00bb2px\u00bb custom_margin=\u00bb||100px||false|false\u00bb global_colors_info=\u00bb{}\u00bb]02.[\/et_pb_text][et_pb_image src=\u00bbhttps:\/\/cdf.cat\/wp-content\/uploads\/2023\/11\/quimic.png\u00bb title_text=\u00bbquimico\u00bb _builder_version=\u00bb4.23.1&#8243; _module_preset=\u00bbdefault\u00bb width=\u00bb30%\u00bb custom_margin=\u00bb||20px||false|false\u00bb global_colors_info=\u00bb{}\u00bb][\/et_pb_image][et_pb_text _builder_version=\u00bb4.23.1&#8243; _module_preset=\u00bbdefault\u00bb header_4_font_size=\u00bb22px\u00bb global_colors_info=\u00bb{}\u00bb]<\/p>\n<h4>Sector Qu\u00edmico<\/h4>\n<p>[\/et_pb_text][\/et_pb_column][et_pb_column type=\u00bb1_5&#8243; _builder_version=\u00bb4.23.1&#8243; _module_preset=\u00bbdefault\u00bb background_color=\u00bb#f2f6f8&#8243; custom_padding=\u00bb34px|25px|34px|25px|false|false\u00bb animation_style=\u00bbslide\u00bb animation_direction=\u00bbtop\u00bb animation_duration=\u00bb500ms\u00bb animation_delay=\u00bb200ms\u00bb animation_intensity_slide=\u00bb10%\u00bb link_option_url=\u00bbhttps:\/\/cdf.cat\/es\/sector-industrial\/\u00bb border_width_all=\u00bb1px\u00bb border_color_all=\u00bb#bbbbbb\u00bb global_colors_info=\u00bb{}\u00bb][et_pb_text _builder_version=\u00bb4.23.1&#8243; _module_preset=\u00bbdefault\u00bb text_font=\u00bbSaira Extra Condensed|700|||||||\u00bb text_letter_spacing=\u00bb2px\u00bb custom_margin=\u00bb||100px||false|false\u00bb global_colors_info=\u00bb{}\u00bb]03.[\/et_pb_text][et_pb_image src=\u00bbhttps:\/\/cdf.cat\/wp-content\/uploads\/2023\/11\/industrial.png\u00bb title_text=\u00bbindustrial\u00bb _builder_version=\u00bb4.23.1&#8243; _module_preset=\u00bbdefault\u00bb width=\u00bb30%\u00bb custom_margin=\u00bb||20px||false|false\u00bb global_colors_info=\u00bb{}\u00bb][\/et_pb_image][et_pb_text _builder_version=\u00bb4.23.1&#8243; _module_preset=\u00bbdefault\u00bb header_4_font_size=\u00bb22px\u00bb global_colors_info=\u00bb{}\u00bb]<\/p>\n<h4>Sector Industrial<\/h4>\n<p>[\/et_pb_text][\/et_pb_column][et_pb_column type=\u00bb1_5&#8243; _builder_version=\u00bb4.23.1&#8243; _module_preset=\u00bbdefault\u00bb background_color=\u00bb#f2f6f8&#8243; custom_padding=\u00bb34px|25px|34px|25px|false|false\u00bb animation_style=\u00bbslide\u00bb animation_direction=\u00bbtop\u00bb animation_duration=\u00bb500ms\u00bb animation_delay=\u00bb300ms\u00bb animation_intensity_slide=\u00bb10%\u00bb link_option_url=\u00bbhttps:\/\/cdf.cat\/es\/sector-alimentario\/\u00bb border_width_all=\u00bb1px\u00bb border_color_all=\u00bb#bbbbbb\u00bb global_colors_info=\u00bb{}\u00bb][et_pb_text _builder_version=\u00bb4.23.1&#8243; _module_preset=\u00bbdefault\u00bb text_font=\u00bbSaira Extra Condensed|700|||||||\u00bb text_letter_spacing=\u00bb2px\u00bb custom_margin=\u00bb||100px||false|false\u00bb global_colors_info=\u00bb{}\u00bb]04.[\/et_pb_text][et_pb_image src=\u00bbhttps:\/\/cdf.cat\/wp-content\/uploads\/2023\/11\/Alimentari.png\u00bb title_text=\u00bbAlimentario\u00bb _builder_version=\u00bb4.23.1&#8243; _module_preset=\u00bbdefault\u00bb width=\u00bb30%\u00bb custom_margin=\u00bb||20px||false|false\u00bb global_colors_info=\u00bb{}\u00bb][\/et_pb_image][et_pb_text _builder_version=\u00bb4.23.1&#8243; _module_preset=\u00bbdefault\u00bb header_4_font_size=\u00bb22px\u00bb global_colors_info=\u00bb{}\u00bb]<\/p>\n<h4>Sector Alimentario<\/h4>\n<p>[\/et_pb_text][\/et_pb_column][et_pb_column type=\u00bb1_5&#8243; _builder_version=\u00bb4.23.1&#8243; _module_preset=\u00bbdefault\u00bb background_color=\u00bb#f2f6f8&#8243; custom_padding=\u00bb34px|25px|34px|25px|false|false\u00bb animation_style=\u00bbslide\u00bb animation_direction=\u00bbtop\u00bb animation_duration=\u00bb500ms\u00bb animation_delay=\u00bb400ms\u00bb animation_intensity_slide=\u00bb10%\u00bb link_option_url=\u00bbhttps:\/\/cdf.cat\/es\/sector-cosmetico\/\u00bb border_width_all=\u00bb1px\u00bb border_color_all=\u00bb#bbbbbb\u00bb global_colors_info=\u00bb{}\u00bb][et_pb_text _builder_version=\u00bb4.23.1&#8243; _module_preset=\u00bbdefault\u00bb text_font=\u00bbSaira Extra Condensed|700|||||||\u00bb text_letter_spacing=\u00bb2px\u00bb custom_margin=\u00bb||100px||false|false\u00bb global_colors_info=\u00bb{}\u00bb]05.[\/et_pb_text][et_pb_image src=\u00bbhttps:\/\/cdf.cat\/wp-content\/uploads\/2023\/11\/cosmetic.png\u00bb title_text=\u00bbcosmetico\u00bb _builder_version=\u00bb4.23.1&#8243; _module_preset=\u00bbdefault\u00bb width=\u00bb30%\u00bb custom_margin=\u00bb||20px||false|false\u00bb global_colors_info=\u00bb{}\u00bb][\/et_pb_image][et_pb_text _builder_version=\u00bb4.23.1&#8243; _module_preset=\u00bbdefault\u00bb header_4_font_size=\u00bb22px\u00bb global_colors_info=\u00bb{}\u00bb]<\/p>\n<h4>Sector Cosm\u00e9tico<\/h4>\n<p>[\/et_pb_text][\/et_pb_column][\/et_pb_row][\/et_pb_section]<\/p>\n","protected":false},"excerpt":{"rendered":"<p>Servicios CDFMontajes Mec\u00e1nicos de LoopsMontajes mec\u00e1nicos de Loops de agua ultra pura y purificada mediante soldadura orbital. Siguiendo est\u00e1ndares habituales de validaci\u00f3n. As\u00ed mismo disponemos de personal cualificado y certificado para ello, siguiendo protocolos establecidos de procedimiento en: Soldaduras. Procedimiento de soldaduras y seguimiento de las mismas. Pruebas de presi\u00f3n. Limpieza de circuitos. Pasivado interior [&hellip;]<\/p>\n","protected":false},"author":1,"featured_media":0,"parent":0,"menu_order":0,"comment_status":"closed","ping_status":"closed","template":"","meta":{"_et_pb_use_builder":"on","_et_pb_old_content":"","_et_gb_content_width":"","footnotes":""},"class_list":["post-240079","page","type-page","status-publish","hentry"],"_links":{"self":[{"href":"https:\/\/cdf.cat\/es\/wp-json\/wp\/v2\/pages\/240079","targetHints":{"allow":["GET"]}}],"collection":[{"href":"https:\/\/cdf.cat\/es\/wp-json\/wp\/v2\/pages"}],"about":[{"href":"https:\/\/cdf.cat\/es\/wp-json\/wp\/v2\/types\/page"}],"author":[{"embeddable":true,"href":"https:\/\/cdf.cat\/es\/wp-json\/wp\/v2\/users\/1"}],"replies":[{"embeddable":true,"href":"https:\/\/cdf.cat\/es\/wp-json\/wp\/v2\/comments?post=240079"}],"version-history":[{"count":3,"href":"https:\/\/cdf.cat\/es\/wp-json\/wp\/v2\/pages\/240079\/revisions"}],"predecessor-version":[{"id":240406,"href":"https:\/\/cdf.cat\/es\/wp-json\/wp\/v2\/pages\/240079\/revisions\/240406"}],"wp:attachment":[{"href":"https:\/\/cdf.cat\/es\/wp-json\/wp\/v2\/media?parent=240079"}],"curies":[{"name":"wp","href":"https:\/\/api.w.org\/{rel}","templated":true}]}}