{"id":240067,"date":"2023-11-13T01:33:00","date_gmt":"2023-11-12T23:33:00","guid":{"rendered":"https:\/\/lipsum.cat\/materiales\/"},"modified":"2023-11-20T13:50:22","modified_gmt":"2023-11-20T11:50:22","slug":"materiales","status":"publish","type":"page","link":"https:\/\/cdf.cat\/es\/materiales\/","title":{"rendered":"Materiales"},"content":{"rendered":"<p>[et_pb_section fb_built=\u00bb1&#8243; admin_label=\u00bbMasonry Gallery\u00bb module_class=\u00bbcorpo\u00bb _builder_version=\u00bb4.23.1&#8243; _module_preset=\u00bbdefault\u00bb global_colors_info=\u00bb{}\u00bb][et_pb_row _builder_version=\u00bb4.23.1&#8243; _module_preset=\u00bbdefault\u00bb custom_padding=\u00bb0px||0px||false|false\u00bb locked=\u00bboff\u00bb global_colors_info=\u00bb{}\u00bb][et_pb_column type=\u00bb4_4&#8243; _builder_version=\u00bb4.23.1&#8243; _module_preset=\u00bbdefault\u00bb global_colors_info=\u00bb{}\u00bb][et_pb_text module_class=\u00bbfree-section-header free-db-light\u00bb _builder_version=\u00bb4.23.1&#8243; text_font=\u00bb||||||||\u00bb text_font_size=\u00bb16px\u00bb text_line_height=\u00bb2em\u00bb header_font=\u00bb|700|||||||\u00bb header_text_color=\u00bb#000000&#8243; header_font_size=\u00bb45px\u00bb header_line_height=\u00bb1.35em\u00bb header_2_font=\u00bb||||||||\u00bb header_2_font_size=\u00bb50px\u00bb header_2_line_height=\u00bb1.2em\u00bb header_4_font=\u00bbNanum Gothic|700||on|||||\u00bb header_4_text_color=\u00bbgcid-4e75685e-95b7-4cef-a4fb-152b2654bf50&#8243; header_4_font_size=\u00bb14px\u00bb header_4_letter_spacing=\u00bb2px\u00bb header_4_line_height=\u00bb1.6em\u00bb max_width=\u00bb600px\u00bb module_alignment=\u00bbleft\u00bb header_2_font_size_tablet=\u00bb42px\u00bb header_2_font_size_phone=\u00bb32px\u00bb header_2_font_size_last_edited=\u00bbon|desktop\u00bb locked=\u00bboff\u00bb global_colors_info=\u00bb{%22gcid-4e75685e-95b7-4cef-a4fb-152b2654bf50%22:%91%22header_4_text_color%22%93}\u00bb]<\/p>\n<h4>Trabajamos con los mejores<\/h4>\n<p>[\/et_pb_text][\/et_pb_column][\/et_pb_row][et_pb_row column_structure=\u00bb1_3,1_3,1_3&#8243; module_class=\u00bbcorpo\u00bb _builder_version=\u00bb4.23.1&#8243; custom_padding=\u00bb0px||||false|false\u00bb locked=\u00bboff\u00bb global_colors_info=\u00bb{}\u00bb][et_pb_column type=\u00bb1_3&#8243; _builder_version=\u00bb4.16&#8243; custom_padding=\u00bb|||\u00bb global_colors_info=\u00bb{}\u00bb custom_padding__hover=\u00bb|||\u00bb][et_pb_text module_class=\u00bbfree-section-header free-db-light\u00bb _builder_version=\u00bb4.23.1&#8243; text_font=\u00bb||||||||\u00bb text_font_size=\u00bb16px\u00bb text_line_height=\u00bb2em\u00bb header_font=\u00bb|700|||||||\u00bb header_text_color=\u00bb#000000&#8243; header_font_size=\u00bb45px\u00bb header_line_height=\u00bb1.35em\u00bb header_2_font=\u00bb||||||||\u00bb header_2_font_size=\u00bb50px\u00bb header_2_line_height=\u00bb1.2em\u00bb header_4_font=\u00bbNanum Gothic|700||on|||||\u00bb header_4_text_color=\u00bbgcid-4e75685e-95b7-4cef-a4fb-152b2654bf50&#8243; header_4_font_size=\u00bb14px\u00bb header_4_letter_spacing=\u00bb2px\u00bb header_4_line_height=\u00bb1.6em\u00bb max_width=\u00bb600px\u00bb module_alignment=\u00bbleft\u00bb header_2_font_size_tablet=\u00bb42px\u00bb header_2_font_size_phone=\u00bb32px\u00bb header_2_font_size_last_edited=\u00bbon|desktop\u00bb locked=\u00bboff\u00bb global_colors_info=\u00bb{%22gcid-4e75685e-95b7-4cef-a4fb-152b2654bf50%22:%91%22header_4_text_color%22,%22header_4_text_color%22%93}\u00bb]<\/p>\n<h1>Especializados en los siguientes tipos de material<\/h1>\n<p>[\/et_pb_text][\/et_pb_column][et_pb_column type=\u00bb1_3&#8243; _builder_version=\u00bb4.16&#8243; custom_padding=\u00bb|||\u00bb global_colors_info=\u00bb{}\u00bb custom_padding__hover=\u00bb|||\u00bb][et_pb_text module_class=\u00bbfree-section-header free-db-light\u00bb _builder_version=\u00bb4.23.1&#8243; text_font=\u00bb||||||||\u00bb text_font_size=\u00bb16px\u00bb text_line_height=\u00bb2em\u00bb header_font=\u00bb|700|||||||\u00bb header_text_color=\u00bb#000000&#8243; header_font_size=\u00bb45px\u00bb header_line_height=\u00bb1.35em\u00bb header_2_font=\u00bb||||||||\u00bb header_2_font_size=\u00bb50px\u00bb header_2_line_height=\u00bb1.2em\u00bb header_4_font=\u00bbNanum Gothic|700||on|||||\u00bb header_4_text_color=\u00bbgcid-4e75685e-95b7-4cef-a4fb-152b2654bf50&#8243; header_4_font_size=\u00bb14px\u00bb header_4_letter_spacing=\u00bb2px\u00bb header_4_line_height=\u00bb1.6em\u00bb max_width=\u00bb600px\u00bb module_alignment=\u00bbcenter\u00bb header_2_font_size_tablet=\u00bb42px\u00bb header_2_font_size_phone=\u00bb32px\u00bb header_2_font_size_last_edited=\u00bbon|desktop\u00bb locked=\u00bboff\u00bb global_colors_info=\u00bb{%22gcid-4e75685e-95b7-4cef-a4fb-152b2654bf50%22:%91%22header_4_text_color%22%93}\u00bb]<\/p>\n<p>Pl\u00e1sticos: PP, PE, PPs, PVDF, PVC-C, PVC, PP-HD y PP-NATURE.<\/p>\n<p>ACERO<\/p>\n<ul>\n<li>Inox: INOX-MILIM\u00c9TRICO\n<ul>\n<li>ISO<\/li>\n<li>ALIMENTICIO 11851<\/li>\n<li>ASME-BPE (Farmac\u00e9utico)<\/li>\n<li>ASTM-SCH-5, 10, 40 y 80<\/li>\n<li>Aleaciones<\/li>\n<\/ul>\n<\/li>\n<li>Acero: S\/DIN 2448\n<ul>\n<li>2440<\/li>\n<li>2441<\/li>\n<li>ASTM SCH-10, 40 y 80<\/li>\n<li>ASTM<\/li>\n<li>Aleaciones (N\u00edquel):\n<ul>\n<li>Hastelloy<\/li>\n<li>Monel<\/li>\n<li>Inconel<\/li>\n<li>Incoloy<\/li>\n<\/ul>\n<\/li>\n<\/ul>\n<\/li>\n<\/ul>\n<p>[\/et_pb_text][\/et_pb_column][et_pb_column type=\u00bb1_3&#8243; _builder_version=\u00bb4.16&#8243; custom_padding=\u00bb|||\u00bb global_colors_info=\u00bb{}\u00bb custom_padding__hover=\u00bb|||\u00bb][et_pb_text module_class=\u00bbfree-section-header free-db-light\u00bb _builder_version=\u00bb4.23.1&#8243; text_font=\u00bb||||||||\u00bb text_font_size=\u00bb16px\u00bb text_line_height=\u00bb2em\u00bb header_font=\u00bb|700|||||||\u00bb header_text_color=\u00bb#000000&#8243; header_font_size=\u00bb45px\u00bb header_line_height=\u00bb1.35em\u00bb header_2_font=\u00bb||||||||\u00bb header_2_font_size=\u00bb50px\u00bb header_2_line_height=\u00bb1.2em\u00bb header_4_font=\u00bbNanum Gothic|700||on|||||\u00bb header_4_text_color=\u00bbgcid-4e75685e-95b7-4cef-a4fb-152b2654bf50&#8243; header_4_font_size=\u00bb14px\u00bb header_4_letter_spacing=\u00bb2px\u00bb header_4_line_height=\u00bb1.6em\u00bb max_width=\u00bb600px\u00bb module_alignment=\u00bbcenter\u00bb header_2_font_size_tablet=\u00bb42px\u00bb header_2_font_size_phone=\u00bb32px\u00bb header_2_font_size_last_edited=\u00bbon|desktop\u00bb locked=\u00bboff\u00bb global_colors_info=\u00bb{%22gcid-4e75685e-95b7-4cef-a4fb-152b2654bf50%22:%91%22header_4_text_color%22%93}\u00bb]<\/p>\n<h3>MAQUINARIA<\/h3>\n<p>Disponemos de toda la maquinaria necesaria para realizar el montaje de todos los materiales desglosados.<\/p>\n<h3>PL\u00c1STICO<\/h3>\n<p>Soldadura tope \/ matriz<\/p>\n<p>Electro fusi\u00f3n<\/p>\n<h3>ACEROS<\/h3>\n<p>Soldadura aleatoria, continua, plasma, TIG, MAG, MIG, Orbital<\/p>\n<p>[\/et_pb_text][\/et_pb_column][\/et_pb_row][et_pb_row _builder_version=\u00bb4.16&#8243; _module_preset=\u00bbdefault\u00bb locked=\u00bboff\u00bb global_colors_info=\u00bb{}\u00bb][et_pb_column type=\u00bb4_4&#8243; module_class=\u00bbfree-297-light free-masonry\u00bb _builder_version=\u00bb4.16&#8243; _module_preset=\u00bbdefault\u00bb global_colors_info=\u00bb{}\u00bb][et_pb_code _builder_version=\u00bb4.16&#8243; _module_preset=\u00bbdefault\u00bb custom_margin=\u00bb||0px||false|false\u00bb global_colors_info=\u00bb{}\u00bb]<\/p>\n<div class=\"free-grid-sizer\"><\/div>\n<p><!-- [et_pb_line_break_holder] --><\/p>\n<div class=\"free-gutter-sizer\"><\/div>\n<p>[\/et_pb_code][et_pb_image src=\u00bbhttps:\/\/cdf.cat\/wp-content\/uploads\/2023\/11\/6-e1700161858695.jpg\u00bb title_text=\u00bb6&#8243; _builder_version=\u00bb4.23.1&#8243; _module_preset=\u00bbdefault\u00bb z_index=\u00bb1&#8243; custom_margin=\u00bb||0px||false|false\u00bb global_colors_info=\u00bb{}\u00bb][\/et_pb_image][et_pb_image src=\u00bbhttps:\/\/cdf.cat\/wp-content\/uploads\/2023\/11\/1.jpg\u00bb title_text=\u00bb1&#8243; _builder_version=\u00bb4.23.1&#8243; _module_preset=\u00bbdefault\u00bb z_index=\u00bb1&#8243; custom_margin=\u00bb-0.1px||||false|false\u00bb global_colors_info=\u00bb{}\u00bb][\/et_pb_image][et_pb_image src=\u00bbhttps:\/\/cdf.cat\/wp-content\/uploads\/2023\/11\/4-e1700161819414.jpg\u00bb title_text=\u00bb4&#8243; _builder_version=\u00bb4.23.1&#8243; _module_preset=\u00bbdefault\u00bb z_index=\u00bb1&#8243; custom_margin=\u00bb||0px||false|false\u00bb global_colors_info=\u00bb{}\u00bb][\/et_pb_image][et_pb_image src=\u00bbhttps:\/\/cdf.cat\/wp-content\/uploads\/2023\/11\/7-e1700161876586.jpg\u00bb title_text=\u00bb7&#8243; _builder_version=\u00bb4.23.1&#8243; _module_preset=\u00bbdefault\u00bb z_index=\u00bb1&#8243; custom_margin=\u00bb||0px||false|false\u00bb global_colors_info=\u00bb{}\u00bb][\/et_pb_image][et_pb_image src=\u00bbhttps:\/\/cdf.cat\/wp-content\/uploads\/2023\/11\/2-e1700161599312.jpg\u00bb title_text=\u00bb2&#8243; _builder_version=\u00bb4.23.1&#8243; _module_preset=\u00bbdefault\u00bb z_index=\u00bb1&#8243; custom_margin=\u00bb||0px||false|false\u00bb global_colors_info=\u00bb{}\u00bb][\/et_pb_image][et_pb_image src=\u00bbhttps:\/\/cdf.cat\/wp-content\/uploads\/2023\/11\/5-e1700161777618.jpg\u00bb title_text=\u00bb5&#8243; _builder_version=\u00bb4.23.1&#8243; _module_preset=\u00bbdefault\u00bb z_index=\u00bb1&#8243; custom_margin=\u00bb||0px||false|false\u00bb global_colors_info=\u00bb{}\u00bb][\/et_pb_image][et_pb_image src=\u00bbhttps:\/\/cdf.cat\/wp-content\/uploads\/2023\/11\/8-e1700161900731.jpg\u00bb title_text=\u00bb8&#8243; _builder_version=\u00bb4.23.1&#8243; _module_preset=\u00bbdefault\u00bb z_index=\u00bb1&#8243; custom_margin=\u00bb||0px||false|false\u00bb global_colors_info=\u00bb{}\u00bb][\/et_pb_image][et_pb_image src=\u00bbhttps:\/\/cdf.cat\/wp-content\/uploads\/2023\/11\/3-e1700161637924.jpg\u00bb title_text=\u00bb3&#8243; _builder_version=\u00bb4.23.1&#8243; _module_preset=\u00bbdefault\u00bb z_index=\u00bb1&#8243; custom_margin=\u00bb||0px||false|false\u00bb global_colors_info=\u00bb{}\u00bb][\/et_pb_image][et_pb_code admin_label=\u00bbCSS for Masonry Image Module\u00bb _builder_version=\u00bb4.16&#8243; _module_preset=\u00bbdefault\u00bb global_colors_info=\u00bb{}\u00bb]<\/p>\n<style><!-- [et_pb_line_break_holder] -->html.et-fb-root-ancestor .free-masonry .et_pb_image {<!-- [et_pb_line_break_holder] -->  float: none!important;<!-- [et_pb_line_break_holder] -->  display: inline-block!important;<!-- [et_pb_line_break_holder] -->}<!-- [et_pb_line_break_holder] -->.free-masonry .et_pb_image {<!-- [et_pb_line_break_holder] -->  float: left;<!-- [et_pb_line_break_holder] -->  position: relative;<!-- [et_pb_line_break_holder] -->}<!-- [et_pb_line_break_holder] -->.free-masonry .et_pb_image img {<!-- [et_pb_line_break_holder] -->  max-width: 100%;<!-- [et_pb_line_break_holder] -->  margin: 0;<!-- [et_pb_line_break_holder] -->  display: block;<!-- [et_pb_line_break_holder] -->}<!-- [et_pb_line_break_holder] -->.free-masonry .et_pb_image img:after {<!-- [et_pb_line_break_holder] -->  clear:both;<!-- [et_pb_line_break_holder] -->}<!-- [et_pb_line_break_holder] --><\/style>\n<p>[\/et_pb_code][\/et_pb_column][\/et_pb_row][\/et_pb_section][et_pb_section fb_built=\u00bb1&#8243; admin_label=\u00bbClients\u00bb _builder_version=\u00bb4.23.1&#8243; _module_preset=\u00bbdefault\u00bb background_color=\u00bb#f2f6f8&#8243; background_enable_color=\u00bboff\u00bb background_image=\u00bbhttps:\/\/cdf.cat\/wp-content\/uploads\/2023\/11\/banner-sectors.jpg\u00bb background_enable_image=\u00bboff\u00bb global_module=\u00bb238560&#8243; saved_tabs=\u00bball\u00bb global_colors_info=\u00bb{}\u00bb][et_pb_row _builder_version=\u00bb4.23.1&#8243; _module_preset=\u00bbdefault\u00bb global_colors_info=\u00bb{}\u00bb][et_pb_column type=\u00bb4_4&#8243; _builder_version=\u00bb4.23.1&#8243; _module_preset=\u00bbdefault\u00bb global_colors_info=\u00bb{}\u00bb][et_pb_text _builder_version=\u00bb4.23.1&#8243; _module_preset=\u00bbb327cbe4-b1d5-4b66-ad37-40c8f2f061ba\u00bb header_2_font=\u00bb|700|||||||\u00bb header_2_font_size=\u00bb45px\u00bb header_2_line_height=\u00bb1.35em\u00bb header_2_font_size_tablet=\u00bb32px\u00bb header_2_font_size_phone=\u00bb20px\u00bb header_2_font_size_last_edited=\u00bbon|desktop\u00bb locked=\u00bboff\u00bb global_colors_info=\u00bb{}\u00bb]<\/p>\n<h2>Sectores<\/h2>\n<p>[\/et_pb_text][\/et_pb_column][\/et_pb_row][et_pb_row column_structure=\u00bb1_5,1_5,1_5,1_5,1_5&#8243; use_custom_gutter=\u00bbon\u00bb gutter_width=\u00bb2&#8243; make_equal=\u00bbon\u00bb _builder_version=\u00bb4.23.1&#8243; _module_preset=\u00bbdefault\u00bb global_colors_info=\u00bb{}\u00bb][et_pb_column type=\u00bb1_5&#8243; _builder_version=\u00bb4.23.1&#8243; _module_preset=\u00bbdefault\u00bb background_color=\u00bb#f2f6f8&#8243; custom_padding=\u00bb34px|25px|34px|25px|false|false\u00bb animation_style=\u00bbslide\u00bb animation_direction=\u00bbtop\u00bb animation_duration=\u00bb500ms\u00bb animation_intensity_slide=\u00bb10%\u00bb link_option_url=\u00bbhttps:\/\/cdf.cat\/es\/sector-farmaceutico\/\u00bb border_width_all=\u00bb1px\u00bb border_color_all=\u00bb#bbbbbb\u00bb global_colors_info=\u00bb{}\u00bb][et_pb_text _builder_version=\u00bb4.23.1&#8243; _module_preset=\u00bbdefault\u00bb text_font=\u00bbSaira Extra Condensed|700|||||||\u00bb text_letter_spacing=\u00bb2px\u00bb custom_margin=\u00bb||100px||false|false\u00bb global_colors_info=\u00bb{}\u00bb]01.[\/et_pb_text][et_pb_image src=\u00bbhttps:\/\/cdf.cat\/wp-content\/uploads\/2023\/11\/farmaceutic.png\u00bb title_text=\u00bbfarmaceutico\u00bb _builder_version=\u00bb4.23.1&#8243; _module_preset=\u00bbdefault\u00bb width=\u00bb30%\u00bb custom_margin=\u00bb||20px||false|false\u00bb global_colors_info=\u00bb{}\u00bb][\/et_pb_image][et_pb_text _builder_version=\u00bb4.23.1&#8243; _module_preset=\u00bbdefault\u00bb header_4_font_size=\u00bb22px\u00bb global_colors_info=\u00bb{}\u00bb]<\/p>\n<h4>Sector Farmac\u00e9utico<\/h4>\n<p>[\/et_pb_text][\/et_pb_column][et_pb_column type=\u00bb1_5&#8243; _builder_version=\u00bb4.23.1&#8243; _module_preset=\u00bbdefault\u00bb background_color=\u00bb#f2f6f8&#8243; custom_padding=\u00bb34px|25px|34px|25px|false|false\u00bb animation_style=\u00bbslide\u00bb animation_direction=\u00bbtop\u00bb animation_duration=\u00bb500ms\u00bb animation_delay=\u00bb100ms\u00bb animation_intensity_slide=\u00bb10%\u00bb link_option_url=\u00bbhttps:\/\/cdf.cat\/es\/sector-quimico\/\u00bb border_width_all=\u00bb1px\u00bb border_color_all=\u00bb#bbbbbb\u00bb global_colors_info=\u00bb{}\u00bb][et_pb_text _builder_version=\u00bb4.23.1&#8243; _module_preset=\u00bbdefault\u00bb text_font=\u00bbSaira Extra Condensed|700|||||||\u00bb text_letter_spacing=\u00bb2px\u00bb custom_margin=\u00bb||100px||false|false\u00bb global_colors_info=\u00bb{}\u00bb]02.[\/et_pb_text][et_pb_image src=\u00bbhttps:\/\/cdf.cat\/wp-content\/uploads\/2023\/11\/quimic.png\u00bb title_text=\u00bbquimico\u00bb _builder_version=\u00bb4.23.1&#8243; _module_preset=\u00bbdefault\u00bb width=\u00bb30%\u00bb custom_margin=\u00bb||20px||false|false\u00bb global_colors_info=\u00bb{}\u00bb][\/et_pb_image][et_pb_text _builder_version=\u00bb4.23.1&#8243; _module_preset=\u00bbdefault\u00bb header_4_font_size=\u00bb22px\u00bb global_colors_info=\u00bb{}\u00bb]<\/p>\n<h4>Sector Qu\u00edmico<\/h4>\n<p>[\/et_pb_text][\/et_pb_column][et_pb_column type=\u00bb1_5&#8243; _builder_version=\u00bb4.23.1&#8243; _module_preset=\u00bbdefault\u00bb background_color=\u00bb#f2f6f8&#8243; custom_padding=\u00bb34px|25px|34px|25px|false|false\u00bb animation_style=\u00bbslide\u00bb animation_direction=\u00bbtop\u00bb animation_duration=\u00bb500ms\u00bb animation_delay=\u00bb200ms\u00bb animation_intensity_slide=\u00bb10%\u00bb link_option_url=\u00bbhttps:\/\/cdf.cat\/es\/sector-industrial\/\u00bb border_width_all=\u00bb1px\u00bb border_color_all=\u00bb#bbbbbb\u00bb global_colors_info=\u00bb{}\u00bb][et_pb_text _builder_version=\u00bb4.23.1&#8243; _module_preset=\u00bbdefault\u00bb text_font=\u00bbSaira Extra Condensed|700|||||||\u00bb text_letter_spacing=\u00bb2px\u00bb custom_margin=\u00bb||100px||false|false\u00bb global_colors_info=\u00bb{}\u00bb]03.[\/et_pb_text][et_pb_image src=\u00bbhttps:\/\/cdf.cat\/wp-content\/uploads\/2023\/11\/industrial.png\u00bb title_text=\u00bbindustrial\u00bb _builder_version=\u00bb4.23.1&#8243; _module_preset=\u00bbdefault\u00bb width=\u00bb30%\u00bb custom_margin=\u00bb||20px||false|false\u00bb global_colors_info=\u00bb{}\u00bb][\/et_pb_image][et_pb_text _builder_version=\u00bb4.23.1&#8243; _module_preset=\u00bbdefault\u00bb header_4_font_size=\u00bb22px\u00bb global_colors_info=\u00bb{}\u00bb]<\/p>\n<h4>Sector Industrial<\/h4>\n<p>[\/et_pb_text][\/et_pb_column][et_pb_column type=\u00bb1_5&#8243; _builder_version=\u00bb4.23.1&#8243; _module_preset=\u00bbdefault\u00bb background_color=\u00bb#f2f6f8&#8243; custom_padding=\u00bb34px|25px|34px|25px|false|false\u00bb animation_style=\u00bbslide\u00bb animation_direction=\u00bbtop\u00bb animation_duration=\u00bb500ms\u00bb animation_delay=\u00bb300ms\u00bb animation_intensity_slide=\u00bb10%\u00bb link_option_url=\u00bbhttps:\/\/cdf.cat\/es\/sector-alimentario\/\u00bb border_width_all=\u00bb1px\u00bb border_color_all=\u00bb#bbbbbb\u00bb global_colors_info=\u00bb{}\u00bb][et_pb_text _builder_version=\u00bb4.23.1&#8243; _module_preset=\u00bbdefault\u00bb text_font=\u00bbSaira Extra Condensed|700|||||||\u00bb text_letter_spacing=\u00bb2px\u00bb custom_margin=\u00bb||100px||false|false\u00bb global_colors_info=\u00bb{}\u00bb]04.[\/et_pb_text][et_pb_image src=\u00bbhttps:\/\/cdf.cat\/wp-content\/uploads\/2023\/11\/Alimentari.png\u00bb title_text=\u00bbAlimentario\u00bb _builder_version=\u00bb4.23.1&#8243; _module_preset=\u00bbdefault\u00bb width=\u00bb30%\u00bb custom_margin=\u00bb||20px||false|false\u00bb global_colors_info=\u00bb{}\u00bb][\/et_pb_image][et_pb_text _builder_version=\u00bb4.23.1&#8243; _module_preset=\u00bbdefault\u00bb header_4_font_size=\u00bb22px\u00bb global_colors_info=\u00bb{}\u00bb]<\/p>\n<h4>Sector Alimentario<\/h4>\n<p>[\/et_pb_text][\/et_pb_column][et_pb_column type=\u00bb1_5&#8243; _builder_version=\u00bb4.23.1&#8243; _module_preset=\u00bbdefault\u00bb background_color=\u00bb#f2f6f8&#8243; custom_padding=\u00bb34px|25px|34px|25px|false|false\u00bb animation_style=\u00bbslide\u00bb animation_direction=\u00bbtop\u00bb animation_duration=\u00bb500ms\u00bb animation_delay=\u00bb400ms\u00bb animation_intensity_slide=\u00bb10%\u00bb link_option_url=\u00bbhttps:\/\/cdf.cat\/es\/sector-cosmetico\/\u00bb border_width_all=\u00bb1px\u00bb border_color_all=\u00bb#bbbbbb\u00bb global_colors_info=\u00bb{}\u00bb][et_pb_text _builder_version=\u00bb4.23.1&#8243; _module_preset=\u00bbdefault\u00bb text_font=\u00bbSaira Extra Condensed|700|||||||\u00bb text_letter_spacing=\u00bb2px\u00bb custom_margin=\u00bb||100px||false|false\u00bb global_colors_info=\u00bb{}\u00bb]05.[\/et_pb_text][et_pb_image src=\u00bbhttps:\/\/cdf.cat\/wp-content\/uploads\/2023\/11\/cosmetic.png\u00bb title_text=\u00bbcosmetico\u00bb _builder_version=\u00bb4.23.1&#8243; _module_preset=\u00bbdefault\u00bb width=\u00bb30%\u00bb custom_margin=\u00bb||20px||false|false\u00bb global_colors_info=\u00bb{}\u00bb][\/et_pb_image][et_pb_text _builder_version=\u00bb4.23.1&#8243; _module_preset=\u00bbdefault\u00bb header_4_font_size=\u00bb22px\u00bb global_colors_info=\u00bb{}\u00bb]<\/p>\n<h4>Sector Cosm\u00e9tico<\/h4>\n<p>[\/et_pb_text][\/et_pb_column][\/et_pb_row][\/et_pb_section]<\/p>\n","protected":false},"excerpt":{"rendered":"<p>Trabajamos con los mejoresEspecializados en los siguientes tipos de materialPl\u00e1sticos: PP, PE, PPs, PVDF, PVC-C, PVC, PP-HD y PP-NATURE. ACERO Inox: INOX-MILIM\u00c9TRICO ISO ALIMENTICIO 11851 ASME-BPE (Farmac\u00e9utico) ASTM-SCH-5, 10, 40 y 80 Aleaciones Acero: S\/DIN 2448 2440 2441 ASTM SCH-10, 40 y 80 ASTM Aleaciones (N\u00edquel): Hastelloy Monel Inconel Incoloy MAQUINARIA Disponemos de toda la [&hellip;]<\/p>\n","protected":false},"author":1,"featured_media":0,"parent":0,"menu_order":0,"comment_status":"closed","ping_status":"closed","template":"","meta":{"_et_pb_use_builder":"on","_et_pb_old_content":"","_et_gb_content_width":"","footnotes":""},"class_list":["post-240067","page","type-page","status-publish","hentry"],"_links":{"self":[{"href":"https:\/\/cdf.cat\/es\/wp-json\/wp\/v2\/pages\/240067","targetHints":{"allow":["GET"]}}],"collection":[{"href":"https:\/\/cdf.cat\/es\/wp-json\/wp\/v2\/pages"}],"about":[{"href":"https:\/\/cdf.cat\/es\/wp-json\/wp\/v2\/types\/page"}],"author":[{"embeddable":true,"href":"https:\/\/cdf.cat\/es\/wp-json\/wp\/v2\/users\/1"}],"replies":[{"embeddable":true,"href":"https:\/\/cdf.cat\/es\/wp-json\/wp\/v2\/comments?post=240067"}],"version-history":[{"count":3,"href":"https:\/\/cdf.cat\/es\/wp-json\/wp\/v2\/pages\/240067\/revisions"}],"predecessor-version":[{"id":240193,"href":"https:\/\/cdf.cat\/es\/wp-json\/wp\/v2\/pages\/240067\/revisions\/240193"}],"wp:attachment":[{"href":"https:\/\/cdf.cat\/es\/wp-json\/wp\/v2\/media?parent=240067"}],"curies":[{"name":"wp","href":"https:\/\/api.w.org\/{rel}","templated":true}]}}