{"id":240037,"date":"2023-11-12T19:02:17","date_gmt":"2023-11-12T17:02:17","guid":{"rendered":"https:\/\/lipsum.cat\/empresa\/"},"modified":"2023-11-20T10:24:30","modified_gmt":"2023-11-20T08:24:30","slug":"empresa","status":"publish","type":"page","link":"https:\/\/cdf.cat\/es\/empresa\/","title":{"rendered":"Empresa"},"content":{"rendered":"<p>[et_pb_section fb_built=\u00bb1&#8243; custom_padding_last_edited=\u00bbon|phone\u00bb admin_label=\u00bbHero Section\u00bb _builder_version=\u00bb4.23.1&#8243; background_image=\u00bbhttps:\/\/cdf.cat\/wp-content\/uploads\/2023\/11\/banner_empresa.jpg\u00bb background_position=\u00bbcenter_right\u00bb custom_padding=\u00bb13%||13%|||\u00bb custom_padding_tablet=\u00bb\u00bb custom_padding_phone=\u00bb15%||15%||false|false\u00bb bottom_divider_height=\u00bb60px\u00bb locked=\u00bboff\u00bb global_colors_info=\u00bb{}\u00bb background_color_gradient_direction__hover=\u00bb180deg\u00bb background_color_gradient_direction__hover_enabled=\u00bb180deg\u00bb background_color_gradient_start_position__hover=\u00bb0%\u00bb background_color_gradient_start_position__hover_enabled=\u00bb0%\u00bb background_color_gradient_end_position__hover=\u00bb100%\u00bb background_color_gradient_end_position__hover_enabled=\u00bb100%\u00bb background_color_gradient_stops__hover=\u00bbrgba(0,0,0,0.4) 0%|rgba(0,0,0,0.4) 100%\u00bb][et_pb_row admin_label=\u00bbPage Title Area\u00bb _builder_version=\u00bb4.16&#8243; global_colors_info=\u00bb{}\u00bb][et_pb_column type=\u00bb4_4&#8243; _builder_version=\u00bb4.16&#8243; custom_padding=\u00bb|||\u00bb global_colors_info=\u00bb{}\u00bb custom_padding__hover=\u00bb|||\u00bb][et_pb_text admin_label=\u00bbHero Section Title\u00bb _builder_version=\u00bb4.23.1&#8243; text_font=\u00bbMontserrat||||||||\u00bb text_font_size=\u00bb18px\u00bb text_line_height=\u00bb1.8em\u00bb header_font=\u00bb|600||on|||||\u00bb header_font_size=\u00bb6rem\u00bb header_letter_spacing=\u00bb3px\u00bb header_2_font=\u00bb|700|||||||\u00bb header_2_text_color=\u00bbrgba(255,255,255,0.6)\u00bb header_2_font_size=\u00bb90px\u00bb header_2_letter_spacing=\u00bb3px\u00bb header_2_line_height=\u00bb1.1em\u00bb background_layout=\u00bbdark\u00bb max_width=\u00bb700px\u00bb module_alignment=\u00bbleft\u00bb custom_margin=\u00bb|||\u00bb animation_style=\u00bbfade\u00bb animation_direction=\u00bbbottom\u00bb header_font_size_tablet=\u00bb\u00bb header_font_size_phone=\u00bb28px\u00bb header_font_size_last_edited=\u00bbon|phone\u00bb header_2_font_size_tablet=\u00bb\u00bb header_2_font_size_phone=\u00bb50px\u00bb header_2_font_size_last_edited=\u00bbon|phone\u00bb global_colors_info=\u00bb{}\u00bb]<\/p>\n<h1>Empresa<\/h1>\n<p>Conducciones para Din\u00e1mica de Fluidos, S.L.<\/p>\n<p>[\/et_pb_text][\/et_pb_column][\/et_pb_row][\/et_pb_section][et_pb_section fb_built=\u00bb1&#8243; module_id=\u00bbquien-somos\u00bb module_class=\u00bbcorpo\u00bb _builder_version=\u00bb4.23.1&#8243; _module_preset=\u00bbdefault\u00bb top_divider_height=\u00bb60px\u00bb global_colors_info=\u00bb{%22gcid-94f13ad0-8ff6-47f2-bf14-4501e5ec1083%22:%91%22background_color_gradient_stops%22%93,%22gcid-148f1e97-8cc1-40c0-9ebc-596cd7de1e50%22:%91%22background_color_gradient_stops%22%93}\u00bb][et_pb_row column_structure=\u00bb1_3,1_3,1_3&#8243; _builder_version=\u00bb4.23.1&#8243; custom_padding=\u00bb0px||||false|false\u00bb locked=\u00bboff\u00bb global_colors_info=\u00bb{}\u00bb][et_pb_column type=\u00bb1_3&#8243; _builder_version=\u00bb4.16&#8243; custom_padding=\u00bb|||\u00bb global_colors_info=\u00bb{}\u00bb custom_padding__hover=\u00bb|||\u00bb][et_pb_text module_class=\u00bbfree-section-header free-db-light\u00bb _builder_version=\u00bb4.23.1&#8243; text_font=\u00bb||||||||\u00bb text_font_size=\u00bb16px\u00bb text_line_height=\u00bb2em\u00bb header_font=\u00bb|700|||||||\u00bb header_text_color=\u00bbgcid-4e75685e-95b7-4cef-a4fb-152b2654bf50&#8243; header_font_size=\u00bb45px\u00bb header_line_height=\u00bb1.35em\u00bb header_2_font=\u00bb|700|||||||\u00bb header_2_text_color=\u00bbgcid-4e75685e-95b7-4cef-a4fb-152b2654bf50&#8243; header_2_font_size=\u00bb45px\u00bb header_4_font=\u00bbNanum Gothic|700||on|||||\u00bb header_4_text_color=\u00bbgcid-4e75685e-95b7-4cef-a4fb-152b2654bf50&#8243; header_4_font_size=\u00bb14px\u00bb header_4_letter_spacing=\u00bb2px\u00bb header_4_line_height=\u00bb1.6em\u00bb max_width=\u00bb600px\u00bb module_alignment=\u00bbleft\u00bb animation_style=\u00bbslide\u00bb animation_direction=\u00bbbottom\u00bb animation_duration=\u00bb1250ms\u00bb animation_intensity_slide=\u00bb10%\u00bb header_2_font_size_tablet=\u00bb42px\u00bb header_2_font_size_phone=\u00bb32px\u00bb header_2_font_size_last_edited=\u00bbon|desktop\u00bb locked=\u00bboff\u00bb global_colors_info=\u00bb{%22gcid-4e75685e-95b7-4cef-a4fb-152b2654bf50%22:%91%22header_4_text_color%22,%22header_text_color%22,%22header_2_text_color%22%93}\u00bb]<\/p>\n<h2>Qui\u00e9nes Somos<\/h2>\n<p>[\/et_pb_text][\/et_pb_column][et_pb_column type=\u00bb1_3&#8243; _builder_version=\u00bb4.16&#8243; custom_padding=\u00bb|||\u00bb global_colors_info=\u00bb{}\u00bb custom_padding__hover=\u00bb|||\u00bb][et_pb_text module_class=\u00bbfree-section-header free-db-light\u00bb _builder_version=\u00bb4.23.1&#8243; text_font=\u00bb||||||||\u00bb text_font_size=\u00bb16px\u00bb header_font=\u00bb|700|||||||\u00bb header_text_color=\u00bb#000000&#8243; header_font_size=\u00bb45px\u00bb header_line_height=\u00bb1.35em\u00bb header_2_font=\u00bb||||||||\u00bb header_2_font_size=\u00bb50px\u00bb header_2_line_height=\u00bb1.2em\u00bb header_4_font=\u00bbNanum Gothic|700||on|||||\u00bb header_4_text_color=\u00bbgcid-4e75685e-95b7-4cef-a4fb-152b2654bf50&#8243; header_4_font_size=\u00bb14px\u00bb header_4_letter_spacing=\u00bb2px\u00bb header_4_line_height=\u00bb1.6em\u00bb max_width=\u00bb600px\u00bb module_alignment=\u00bbcenter\u00bb animation_style=\u00bbslide\u00bb animation_direction=\u00bbbottom\u00bb animation_duration=\u00bb1250ms\u00bb animation_delay=\u00bb100ms\u00bb animation_intensity_slide=\u00bb10%\u00bb header_2_font_size_tablet=\u00bb42px\u00bb header_2_font_size_phone=\u00bb32px\u00bb header_2_font_size_last_edited=\u00bbon|desktop\u00bb locked=\u00bboff\u00bb global_colors_info=\u00bb{%22gcid-4e75685e-95b7-4cef-a4fb-152b2654bf50%22:%91%22header_4_text_color%22%93}\u00bb]<\/p>\n<p>CDF, Conducciones para Din\u00e1mica de Fluidos, S.L. es una empresa dedicada a las instalaciones mec\u00e1nicas de fluidos y complementos industriales, estando ubicado su campo de actuaci\u00f3n, b\u00e1sicamente en las instalaciones de:<\/p>\n<ul>\n<li>Calefacci\u00f3n y climatizaci\u00f3n industrial.<\/li>\n<li>Instalaciones de origen t\u00e9rmico, tales como:\n<ul>\n<li>Vapor y condensados.<\/li>\n<li>Agua caliente.<\/li>\n<li>Agua sobre calentada.<\/li>\n<li>Termo fluido.<\/li>\n<\/ul>\n<\/li>\n<\/ul>\n<p>[\/et_pb_text][\/et_pb_column][et_pb_column type=\u00bb1_3&#8243; _builder_version=\u00bb4.16&#8243; custom_padding=\u00bb|||\u00bb global_colors_info=\u00bb{}\u00bb custom_padding__hover=\u00bb|||\u00bb][et_pb_text module_class=\u00bbfree-section-header free-db-light\u00bb _builder_version=\u00bb4.23.1&#8243; text_font=\u00bb||||||||\u00bb text_font_size=\u00bb16px\u00bb header_font=\u00bb|700|||||||\u00bb header_text_color=\u00bb#000000&#8243; header_font_size=\u00bb45px\u00bb header_line_height=\u00bb1.35em\u00bb header_2_font=\u00bb||||||||\u00bb header_2_font_size=\u00bb50px\u00bb header_2_line_height=\u00bb1.2em\u00bb header_4_font=\u00bbNanum Gothic|700||on|||||\u00bb header_4_text_color=\u00bbgcid-4e75685e-95b7-4cef-a4fb-152b2654bf50&#8243; header_4_font_size=\u00bb14px\u00bb header_4_letter_spacing=\u00bb2px\u00bb header_4_line_height=\u00bb1.6em\u00bb max_width=\u00bb600px\u00bb module_alignment=\u00bbcenter\u00bb animation_style=\u00bbslide\u00bb animation_direction=\u00bbbottom\u00bb animation_duration=\u00bb1250ms\u00bb animation_delay=\u00bb200ms\u00bb animation_intensity_slide=\u00bb10%\u00bb header_2_font_size_tablet=\u00bb42px\u00bb header_2_font_size_phone=\u00bb32px\u00bb header_2_font_size_last_edited=\u00bbon|desktop\u00bb locked=\u00bboff\u00bb global_colors_info=\u00bb{%22gcid-4e75685e-95b7-4cef-a4fb-152b2654bf50%22:%91%22header_4_text_color%22%93}\u00bb]<\/p>\n<ul>\n<li>Combustibles.\n<ul>\n<li>L\u00edquidos.<\/li>\n<li>Gaseosos.<\/li>\n<\/ul>\n<\/li>\n<li>Aire comprimido.<\/li>\n<li>Vac\u00edo.<\/li>\n<li>Redes generales de proceso.<\/li>\n<li>Instalaciones contra incendios.<\/li>\n<li>Fr\u00edo industrial.<\/li>\n<\/ul>\n<p>[\/et_pb_text][\/et_pb_column][\/et_pb_row][\/et_pb_section][et_pb_section fb_built=\u00bb1&#8243; module_id=\u00bbcomo-actuamos\u00bb module_class=\u00bbcorpo\u00bb _builder_version=\u00bb4.23.1&#8243; _module_preset=\u00bbdefault\u00bb background_color=\u00bb#f2f6f8&#8243; top_divider_height=\u00bb60px\u00bb global_colors_info=\u00bb{%22gcid-94f13ad0-8ff6-47f2-bf14-4501e5ec1083%22:%91%22background_color_gradient_stops%22%93,%22gcid-148f1e97-8cc1-40c0-9ebc-596cd7de1e50%22:%91%22background_color_gradient_stops%22%93}\u00bb][et_pb_row column_structure=\u00bb1_3,1_3,1_3&#8243; _builder_version=\u00bb4.23.1&#8243; custom_padding=\u00bb0px||||false|false\u00bb locked=\u00bboff\u00bb global_colors_info=\u00bb{}\u00bb][et_pb_column type=\u00bb1_3&#8243; _builder_version=\u00bb4.16&#8243; custom_padding=\u00bb|||\u00bb global_colors_info=\u00bb{}\u00bb custom_padding__hover=\u00bb|||\u00bb][et_pb_text module_class=\u00bbfree-section-header free-db-light\u00bb _builder_version=\u00bb4.23.1&#8243; text_font=\u00bb||||||||\u00bb text_font_size=\u00bb16px\u00bb text_line_height=\u00bb2em\u00bb header_font=\u00bb|700|||||||\u00bb header_text_color=\u00bbgcid-4e75685e-95b7-4cef-a4fb-152b2654bf50&#8243; header_font_size=\u00bb45px\u00bb header_line_height=\u00bb1.35em\u00bb header_2_font=\u00bb|700|||||||\u00bb header_2_text_color=\u00bbgcid-4e75685e-95b7-4cef-a4fb-152b2654bf50&#8243; header_2_font_size=\u00bb45px\u00bb header_4_font=\u00bbNanum Gothic|700||on|||||\u00bb header_4_text_color=\u00bbgcid-4e75685e-95b7-4cef-a4fb-152b2654bf50&#8243; header_4_font_size=\u00bb14px\u00bb header_4_letter_spacing=\u00bb2px\u00bb header_4_line_height=\u00bb1.6em\u00bb max_width=\u00bb600px\u00bb module_alignment=\u00bbleft\u00bb animation_style=\u00bbslide\u00bb animation_direction=\u00bbbottom\u00bb animation_duration=\u00bb1250ms\u00bb animation_intensity_slide=\u00bb10%\u00bb hover_enabled=\u00bb0&#8243; header_2_font_size_tablet=\u00bb42px\u00bb header_2_font_size_phone=\u00bb32px\u00bb header_2_font_size_last_edited=\u00bbon|desktop\u00bb locked=\u00bboff\u00bb global_colors_info=\u00bb{%22gcid-4e75685e-95b7-4cef-a4fb-152b2654bf50%22:%91%22header_4_text_color%22,%22header_text_color%22,%22header_2_text_color%22,%22header_4_text_color%22,%22header_text_color%22,%22header_2_text_color%22,%22header_4_text_color%22,%22header_text_color%22,%22header_2_text_color%22%93}\u00bb sticky_enabled=\u00bb0&#8243;]<\/p>\n<h2>C\u00f3mo Actuamos<\/h2>\n<p>[\/et_pb_text][\/et_pb_column][et_pb_column type=\u00bb1_3&#8243; _builder_version=\u00bb4.16&#8243; custom_padding=\u00bb|||\u00bb global_colors_info=\u00bb{}\u00bb custom_padding__hover=\u00bb|||\u00bb][et_pb_text module_class=\u00bbfree-section-header free-db-light\u00bb _builder_version=\u00bb4.23.1&#8243; text_font=\u00bb||||||||\u00bb text_font_size=\u00bb16px\u00bb header_font=\u00bb|700|||||||\u00bb header_text_color=\u00bb#000000&#8243; header_font_size=\u00bb45px\u00bb header_line_height=\u00bb1.35em\u00bb header_2_font=\u00bb||||||||\u00bb header_2_font_size=\u00bb50px\u00bb header_2_line_height=\u00bb1.2em\u00bb header_4_font=\u00bbNanum Gothic|700||on|||||\u00bb header_4_text_color=\u00bbgcid-4e75685e-95b7-4cef-a4fb-152b2654bf50&#8243; header_4_font_size=\u00bb14px\u00bb header_4_letter_spacing=\u00bb2px\u00bb header_4_line_height=\u00bb1.6em\u00bb max_width=\u00bb600px\u00bb module_alignment=\u00bbcenter\u00bb animation_style=\u00bbslide\u00bb animation_direction=\u00bbbottom\u00bb animation_duration=\u00bb1250ms\u00bb animation_delay=\u00bb100ms\u00bb animation_intensity_slide=\u00bb10%\u00bb header_2_font_size_tablet=\u00bb42px\u00bb header_2_font_size_phone=\u00bb32px\u00bb header_2_font_size_last_edited=\u00bbon|desktop\u00bb locked=\u00bboff\u00bb global_colors_info=\u00bb{%22gcid-4e75685e-95b7-4cef-a4fb-152b2654bf50%22:%91%22header_4_text_color%22,%22header_4_text_color%22,%22header_4_text_color%22%93}\u00bb]<\/p>\n<p>Debido a la diversidad actual de mercado, CDF puede actuar en inicio de la siguiente manera:<\/p>\n<ul>\n<li>A trav\u00e9s de una Empresa de Ingenier\u00eda contratada previamente por el Cliente, ya sea por designaci\u00f3n propia de la consultor\u00eda, o bien por recomendaci\u00f3n de La Propiedad.<\/li>\n<\/ul>\n<p>[\/et_pb_text][\/et_pb_column][et_pb_column type=\u00bb1_3&#8243; _builder_version=\u00bb4.16&#8243; custom_padding=\u00bb|||\u00bb global_colors_info=\u00bb{}\u00bb custom_padding__hover=\u00bb|||\u00bb][et_pb_text module_class=\u00bbfree-section-header free-db-light\u00bb _builder_version=\u00bb4.23.1&#8243; text_font=\u00bb||||||||\u00bb text_font_size=\u00bb16px\u00bb header_font=\u00bb|700|||||||\u00bb header_text_color=\u00bb#000000&#8243; header_font_size=\u00bb45px\u00bb header_line_height=\u00bb1.35em\u00bb header_2_font=\u00bb||||||||\u00bb header_2_font_size=\u00bb50px\u00bb header_2_line_height=\u00bb1.2em\u00bb header_4_font=\u00bbNanum Gothic|700||on|||||\u00bb header_4_text_color=\u00bbgcid-4e75685e-95b7-4cef-a4fb-152b2654bf50&#8243; header_4_font_size=\u00bb14px\u00bb header_4_letter_spacing=\u00bb2px\u00bb header_4_line_height=\u00bb1.6em\u00bb max_width=\u00bb600px\u00bb module_alignment=\u00bbcenter\u00bb animation_style=\u00bbslide\u00bb animation_direction=\u00bbbottom\u00bb animation_duration=\u00bb1250ms\u00bb animation_delay=\u00bb200ms\u00bb animation_intensity_slide=\u00bb10%\u00bb header_2_font_size_tablet=\u00bb42px\u00bb header_2_font_size_phone=\u00bb32px\u00bb header_2_font_size_last_edited=\u00bbon|desktop\u00bb locked=\u00bboff\u00bb global_colors_info=\u00bb{%22gcid-4e75685e-95b7-4cef-a4fb-152b2654bf50%22:%91%22header_4_text_color%22,%22header_4_text_color%22%93}\u00bb]<\/p>\n<ul>\n<li>Directamente con el Cliente, ofreci\u00e9ndole el soporte t\u00e9cnico necesario, incluyendo:\n<ul>\n<li>Toma de datos con las necesidades operativas.<\/li>\n<li>C\u00e1lculo de simultaneidades.<\/li>\n<li>Inicio de un esquema de principio de acuerdo con el razonamiento anterior.<\/li>\n<li>Elecci\u00f3n de los materiales m\u00e1s id\u00f3neos de acuerdo con sus necesidades.<\/li>\n<li>Estado de mediciones y presupuesto.<\/li>\n<\/ul>\n<\/li>\n<\/ul>\n<p>[\/et_pb_text][\/et_pb_column][\/et_pb_row][\/et_pb_section][et_pb_section fb_built=\u00bb1&#8243; module_id=\u00bboperatividad\u00bb module_class=\u00bbcorpo\u00bb _builder_version=\u00bb4.23.1&#8243; _module_preset=\u00bbdefault\u00bb background_color=\u00bb#FFFFFF\u00bb top_divider_height=\u00bb60px\u00bb global_colors_info=\u00bb{%22gcid-94f13ad0-8ff6-47f2-bf14-4501e5ec1083%22:%91%22background_color_gradient_stops%22%93,%22gcid-148f1e97-8cc1-40c0-9ebc-596cd7de1e50%22:%91%22background_color_gradient_stops%22%93}\u00bb][et_pb_row column_structure=\u00bb1_3,1_3,1_3&#8243; _builder_version=\u00bb4.23.1&#8243; custom_padding=\u00bb0px||||false|false\u00bb locked=\u00bboff\u00bb global_colors_info=\u00bb{}\u00bb][et_pb_column type=\u00bb1_3&#8243; _builder_version=\u00bb4.16&#8243; custom_padding=\u00bb|||\u00bb global_colors_info=\u00bb{}\u00bb custom_padding__hover=\u00bb|||\u00bb][et_pb_text module_class=\u00bbfree-section-header free-db-light\u00bb _builder_version=\u00bb4.23.1&#8243; text_font=\u00bb||||||||\u00bb text_font_size=\u00bb16px\u00bb text_line_height=\u00bb2em\u00bb header_font=\u00bb|700|||||||\u00bb header_text_color=\u00bbgcid-4e75685e-95b7-4cef-a4fb-152b2654bf50&#8243; header_font_size=\u00bb45px\u00bb header_line_height=\u00bb1.35em\u00bb header_2_font=\u00bb|700|||||||\u00bb header_2_text_color=\u00bbgcid-4e75685e-95b7-4cef-a4fb-152b2654bf50&#8243; header_2_font_size=\u00bb45px\u00bb header_4_font=\u00bbNanum Gothic|700||on|||||\u00bb header_4_text_color=\u00bbgcid-4e75685e-95b7-4cef-a4fb-152b2654bf50&#8243; header_4_font_size=\u00bb14px\u00bb header_4_letter_spacing=\u00bb2px\u00bb header_4_line_height=\u00bb1.6em\u00bb max_width=\u00bb600px\u00bb module_alignment=\u00bbleft\u00bb animation_style=\u00bbslide\u00bb animation_direction=\u00bbbottom\u00bb animation_duration=\u00bb1250ms\u00bb animation_intensity_slide=\u00bb10%\u00bb header_2_font_size_tablet=\u00bb42px\u00bb header_2_font_size_phone=\u00bb32px\u00bb header_2_font_size_last_edited=\u00bbon|desktop\u00bb locked=\u00bboff\u00bb global_colors_info=\u00bb{%22gcid-4e75685e-95b7-4cef-a4fb-152b2654bf50%22:%91%22header_4_text_color%22,%22header_text_color%22,%22header_2_text_color%22,%22header_4_text_color%22,%22header_text_color%22,%22header_2_text_color%22,%22header_4_text_color%22,%22header_text_color%22,%22header_2_text_color%22%93}\u00bb]<\/p>\n<h2>Operatividad<\/h2>\n<p>[\/et_pb_text][\/et_pb_column][et_pb_column type=\u00bb1_3&#8243; _builder_version=\u00bb4.16&#8243; custom_padding=\u00bb|||\u00bb global_colors_info=\u00bb{}\u00bb custom_padding__hover=\u00bb|||\u00bb][et_pb_text module_class=\u00bbfree-section-header free-db-light\u00bb _builder_version=\u00bb4.23.1&#8243; text_font=\u00bb||||||||\u00bb text_font_size=\u00bb16px\u00bb header_font=\u00bb|700|||||||\u00bb header_text_color=\u00bb#000000&#8243; header_font_size=\u00bb45px\u00bb header_line_height=\u00bb1.35em\u00bb header_2_font=\u00bb||||||||\u00bb header_2_font_size=\u00bb50px\u00bb header_2_line_height=\u00bb1.2em\u00bb header_4_font=\u00bbNanum Gothic|700||on|||||\u00bb header_4_text_color=\u00bbgcid-4e75685e-95b7-4cef-a4fb-152b2654bf50&#8243; header_4_font_size=\u00bb14px\u00bb header_4_letter_spacing=\u00bb2px\u00bb header_4_line_height=\u00bb1.6em\u00bb max_width=\u00bb600px\u00bb module_alignment=\u00bbcenter\u00bb animation_style=\u00bbslide\u00bb animation_direction=\u00bbbottom\u00bb animation_duration=\u00bb1250ms\u00bb animation_delay=\u00bb100ms\u00bb animation_intensity_slide=\u00bb10%\u00bb header_2_font_size_tablet=\u00bb42px\u00bb header_2_font_size_phone=\u00bb32px\u00bb header_2_font_size_last_edited=\u00bbon|desktop\u00bb locked=\u00bboff\u00bb global_colors_info=\u00bb{%22gcid-4e75685e-95b7-4cef-a4fb-152b2654bf50%22:%91%22header_4_text_color%22,%22header_4_text_color%22,%22header_4_text_color%22%93}\u00bb]<\/p>\n<p>Nuestro principal objetivo es el Cliente, por ello nos preocupamos en ser una empresa seria, t\u00e9cnicamente preparada para el desarrollo de las distintas actividades y con profesionales cualificados para el desarrollo de las distintas instalaciones.<\/p>\n<p>Una vez ha sido designada CDF como ejecutora de las distintas instalaciones, y de acuerdo con el modo de actuaci\u00f3n, nos comprometemos a:<\/p>\n<p>[\/et_pb_text][\/et_pb_column][et_pb_column type=\u00bb1_3&#8243; _builder_version=\u00bb4.16&#8243; custom_padding=\u00bb|||\u00bb global_colors_info=\u00bb{}\u00bb custom_padding__hover=\u00bb|||\u00bb][et_pb_text module_class=\u00bbfree-section-header free-db-light\u00bb _builder_version=\u00bb4.23.1&#8243; text_font=\u00bb||||||||\u00bb text_font_size=\u00bb16px\u00bb header_font=\u00bb|700|||||||\u00bb header_text_color=\u00bb#000000&#8243; header_font_size=\u00bb45px\u00bb header_line_height=\u00bb1.35em\u00bb header_2_font=\u00bb||||||||\u00bb header_2_font_size=\u00bb50px\u00bb header_2_line_height=\u00bb1.2em\u00bb header_4_font=\u00bbNanum Gothic|700||on|||||\u00bb header_4_text_color=\u00bbgcid-4e75685e-95b7-4cef-a4fb-152b2654bf50&#8243; header_4_font_size=\u00bb14px\u00bb header_4_letter_spacing=\u00bb2px\u00bb header_4_line_height=\u00bb1.6em\u00bb max_width=\u00bb600px\u00bb module_alignment=\u00bbcenter\u00bb animation_style=\u00bbslide\u00bb animation_direction=\u00bbbottom\u00bb animation_duration=\u00bb1250ms\u00bb animation_delay=\u00bb200ms\u00bb animation_intensity_slide=\u00bb10%\u00bb header_2_font_size_tablet=\u00bb42px\u00bb header_2_font_size_phone=\u00bb32px\u00bb header_2_font_size_last_edited=\u00bbon|desktop\u00bb locked=\u00bboff\u00bb global_colors_info=\u00bb{%22gcid-4e75685e-95b7-4cef-a4fb-152b2654bf50%22:%91%22header_4_text_color%22,%22header_4_text_color%22%93}\u00bb]<\/p>\n<ul>\n<li>Realizar el correspondiente Plan de Seguridad y Salud, acorde con los riesgos de cada una de las instalaciones.<\/li>\n<li>Apertura del Centro de Trabajo correspondiente.<\/li>\n<li>Se efectuar\u00e1 un seguimiento constante para velar por el cumplimiento del mismo.<\/li>\n<li>Todo el personal de CDF est\u00e1 al corriente de los cursillos legislativos en dicha materia, as\u00ed como el de los mandos intermedios y de la intervenci\u00f3n peri\u00f3dica de un t\u00e9cnico en PRL.<\/li>\n<li>Revisiones m\u00e9dicas y entrega de los Epis correspondientes.<\/li>\n<li>Tenemos contratados los servicios con una empresa de Control de Riesgos para nuestra propia auditoria.<\/li>\n<\/ul>\n<p>[\/et_pb_text][\/et_pb_column][\/et_pb_row][\/et_pb_section][et_pb_section fb_built=\u00bb1&#8243; module_id=\u00bbcomo-actuamos\u00bb module_class=\u00bbcorpo\u00bb _builder_version=\u00bb4.23.1&#8243; _module_preset=\u00bbdefault\u00bb background_color=\u00bb#f2f6f8&#8243; top_divider_height=\u00bb60px\u00bb locked=\u00bboff\u00bb global_colors_info=\u00bb{%22gcid-94f13ad0-8ff6-47f2-bf14-4501e5ec1083%22:%91%22background_color_gradient_stops%22%93,%22gcid-148f1e97-8cc1-40c0-9ebc-596cd7de1e50%22:%91%22background_color_gradient_stops%22%93}\u00bb][et_pb_row column_structure=\u00bb1_3,2_3&#8243; _builder_version=\u00bb4.23.1&#8243; custom_padding=\u00bb0px||||false|false\u00bb locked=\u00bboff\u00bb global_colors_info=\u00bb{}\u00bb][et_pb_column type=\u00bb1_3&#8243; _builder_version=\u00bb4.16&#8243; custom_padding=\u00bb|||\u00bb global_colors_info=\u00bb{}\u00bb custom_padding__hover=\u00bb|||\u00bb][et_pb_text module_class=\u00bbfree-section-header free-db-light\u00bb _builder_version=\u00bb4.23.1&#8243; text_font=\u00bb||||||||\u00bb text_font_size=\u00bb16px\u00bb text_line_height=\u00bb2em\u00bb header_font=\u00bb|700|||||||\u00bb header_text_color=\u00bbgcid-4e75685e-95b7-4cef-a4fb-152b2654bf50&#8243; header_font_size=\u00bb45px\u00bb header_line_height=\u00bb1.35em\u00bb header_2_font=\u00bb|700|||||||\u00bb header_2_text_color=\u00bbgcid-4e75685e-95b7-4cef-a4fb-152b2654bf50&#8243; header_2_font_size=\u00bb45px\u00bb header_4_font=\u00bbNanum Gothic|700||on|||||\u00bb header_4_text_color=\u00bbgcid-4e75685e-95b7-4cef-a4fb-152b2654bf50&#8243; header_4_font_size=\u00bb14px\u00bb header_4_letter_spacing=\u00bb2px\u00bb header_4_line_height=\u00bb1.6em\u00bb max_width=\u00bb600px\u00bb module_alignment=\u00bbleft\u00bb animation_style=\u00bbslide\u00bb animation_direction=\u00bbbottom\u00bb animation_duration=\u00bb1250ms\u00bb animation_intensity_slide=\u00bb10%\u00bb hover_enabled=\u00bb0&#8243; header_2_font_size_tablet=\u00bb42px\u00bb header_2_font_size_phone=\u00bb32px\u00bb header_2_font_size_last_edited=\u00bbon|desktop\u00bb locked=\u00bboff\u00bb global_colors_info=\u00bb{%22gcid-4e75685e-95b7-4cef-a4fb-152b2654bf50%22:%91%22header_4_text_color%22,%22header_text_color%22,%22header_2_text_color%22,%22header_4_text_color%22,%22header_text_color%22,%22header_2_text_color%22,%22header_4_text_color%22,%22header_text_color%22,%22header_2_text_color%22%93}\u00bb sticky_enabled=\u00bb0&#8243;]<\/p>\n<h2>A\u00f1o 2023<\/h2>\n<p>Ampliamos nuestras instalaciones, duplicando el espacio disponible.<\/p>\n<p>[\/et_pb_text][\/et_pb_column][et_pb_column type=\u00bb2_3&#8243; _builder_version=\u00bb4.16&#8243; custom_padding=\u00bb|||\u00bb global_colors_info=\u00bb{}\u00bb custom_padding__hover=\u00bb|||\u00bb][et_pb_image src=\u00bbhttps:\/\/cdf.cat\/wp-content\/uploads\/2023\/11\/12-scaled.jpg\u00bb title_text=\u00bb12&#8243; _builder_version=\u00bb4.23.1&#8243; _module_preset=\u00bbdefault\u00bb global_colors_info=\u00bb{}\u00bb][\/et_pb_image][et_pb_image src=\u00bbhttps:\/\/cdf.cat\/wp-content\/uploads\/2023\/11\/13.jpg\u00bb title_text=\u00bb13&#8243; _builder_version=\u00bb4.23.1&#8243; _module_preset=\u00bbdefault\u00bb global_colors_info=\u00bb{}\u00bb][\/et_pb_image][\/et_pb_column][\/et_pb_row][\/et_pb_section]<\/p>\n","protected":false},"excerpt":{"rendered":"<p>Empresa Conducciones para Din\u00e1mica de Fluidos, S.L.Qui\u00e9nes SomosCDF, Conducciones para Din\u00e1mica de Fluidos, S.L. es una empresa dedicada a las instalaciones mec\u00e1nicas de fluidos y complementos industriales, estando ubicado su campo de actuaci\u00f3n, b\u00e1sicamente en las instalaciones de: Calefacci\u00f3n y climatizaci\u00f3n industrial. Instalaciones de origen t\u00e9rmico, tales como: Vapor y condensados. Agua caliente. Agua sobre [&hellip;]<\/p>\n","protected":false},"author":1,"featured_media":0,"parent":0,"menu_order":0,"comment_status":"closed","ping_status":"closed","template":"","meta":{"_et_pb_use_builder":"on","_et_pb_old_content":"","_et_gb_content_width":"","footnotes":""},"class_list":["post-240037","page","type-page","status-publish","hentry"],"_links":{"self":[{"href":"https:\/\/cdf.cat\/es\/wp-json\/wp\/v2\/pages\/240037","targetHints":{"allow":["GET"]}}],"collection":[{"href":"https:\/\/cdf.cat\/es\/wp-json\/wp\/v2\/pages"}],"about":[{"href":"https:\/\/cdf.cat\/es\/wp-json\/wp\/v2\/types\/page"}],"author":[{"embeddable":true,"href":"https:\/\/cdf.cat\/es\/wp-json\/wp\/v2\/users\/1"}],"replies":[{"embeddable":true,"href":"https:\/\/cdf.cat\/es\/wp-json\/wp\/v2\/comments?post=240037"}],"version-history":[{"count":3,"href":"https:\/\/cdf.cat\/es\/wp-json\/wp\/v2\/pages\/240037\/revisions"}],"predecessor-version":[{"id":240042,"href":"https:\/\/cdf.cat\/es\/wp-json\/wp\/v2\/pages\/240037\/revisions\/240042"}],"wp:attachment":[{"href":"https:\/\/cdf.cat\/es\/wp-json\/wp\/v2\/media?parent=240037"}],"curies":[{"name":"wp","href":"https:\/\/api.w.org\/{rel}","templated":true}]}}