{"id":240001,"date":"2023-11-12T17:12:33","date_gmt":"2023-11-12T15:12:33","guid":{"rendered":"https:\/\/lipsum.cat\/actuacion\/"},"modified":"2023-11-20T10:01:49","modified_gmt":"2023-11-20T08:01:49","slug":"actuacion","status":"publish","type":"page","link":"https:\/\/cdf.cat\/es\/actuacion\/","title":{"rendered":"Actuaci\u00f3n"},"content":{"rendered":"<p>[et_pb_section fb_built=\u00bb1&#8243; custom_padding_last_edited=\u00bbon|phone\u00bb admin_label=\u00bbHero Section\u00bb _builder_version=\u00bb4.23.1&#8243; background_image=\u00bbhttps:\/\/cdf.cat\/wp-content\/uploads\/2023\/11\/banner_actuacio.jpg\u00bb background_position=\u00bbcenter_right\u00bb custom_padding=\u00bb13%||13%|||\u00bb custom_padding_tablet=\u00bb\u00bb custom_padding_phone=\u00bb15%||15%||false|false\u00bb bottom_divider_height=\u00bb60px\u00bb hover_enabled=\u00bb0&#8243; global_colors_info=\u00bb{}\u00bb background_color_gradient_direction__hover=\u00bb180deg\u00bb background_color_gradient_direction__hover_enabled=\u00bb180deg\u00bb background_color_gradient_start_position__hover=\u00bb0%\u00bb background_color_gradient_start_position__hover_enabled=\u00bb0%\u00bb background_color_gradient_end_position__hover=\u00bb100%\u00bb background_color_gradient_end_position__hover_enabled=\u00bb100%\u00bb background_color_gradient_stops__hover=\u00bbrgba(0,0,0,0.4) 0%|rgba(0,0,0,0.4) 100%\u00bb title_text=\u00bbbanner_actuacio\u00bb sticky_enabled=\u00bb0&#8243;][et_pb_row admin_label=\u00bbPage Title Area\u00bb _builder_version=\u00bb4.16&#8243; global_colors_info=\u00bb{}\u00bb][et_pb_column type=\u00bb4_4&#8243; _builder_version=\u00bb4.16&#8243; custom_padding=\u00bb|||\u00bb global_colors_info=\u00bb{}\u00bb custom_padding__hover=\u00bb|||\u00bb][et_pb_text admin_label=\u00bbHero Section Title\u00bb _builder_version=\u00bb4.23.1&#8243; text_font=\u00bbMontserrat||||||||\u00bb text_font_size=\u00bb18px\u00bb text_line_height=\u00bb1.8em\u00bb header_font=\u00bb|600||on|||||\u00bb header_font_size=\u00bb6rem\u00bb header_letter_spacing=\u00bb3px\u00bb header_2_font=\u00bb|700|||||||\u00bb header_2_text_color=\u00bbrgba(255,255,255,0.6)\u00bb header_2_font_size=\u00bb90px\u00bb header_2_letter_spacing=\u00bb3px\u00bb header_2_line_height=\u00bb1.1em\u00bb background_layout=\u00bbdark\u00bb max_width=\u00bb700px\u00bb module_alignment=\u00bbleft\u00bb custom_margin=\u00bb|||\u00bb animation_style=\u00bbfade\u00bb animation_direction=\u00bbbottom\u00bb header_font_size_tablet=\u00bb\u00bb header_font_size_phone=\u00bb28px\u00bb header_font_size_last_edited=\u00bbon|phone\u00bb header_2_font_size_tablet=\u00bb\u00bb header_2_font_size_phone=\u00bb50px\u00bb header_2_font_size_last_edited=\u00bbon|phone\u00bb global_colors_info=\u00bb{}\u00bb]<\/p>\n<h1>Actuaci\u00f3n<\/h1>\n<p>C\u00f3mo trabajamos en CDF[\/et_pb_text][\/et_pb_column][\/et_pb_row][\/et_pb_section][et_pb_section fb_built=\u00bb1&#8243; module_id=\u00bbanalisis\u00bb module_class=\u00bbcorpo\u00bb _builder_version=\u00bb4.23.1&#8243; _module_preset=\u00bbdefault\u00bb top_divider_height=\u00bb60px\u00bb locked=\u00bboff\u00bb global_colors_info=\u00bb{%22gcid-94f13ad0-8ff6-47f2-bf14-4501e5ec1083%22:%91%22background_color_gradient_stops%22%93,%22gcid-148f1e97-8cc1-40c0-9ebc-596cd7de1e50%22:%91%22background_color_gradient_stops%22%93}\u00bb][et_pb_row column_structure=\u00bb1_3,1_3,1_3&#8243; _builder_version=\u00bb4.23.1&#8243; custom_padding=\u00bb0px||||false|false\u00bb locked=\u00bboff\u00bb global_colors_info=\u00bb{}\u00bb][et_pb_column type=\u00bb1_3&#8243; _builder_version=\u00bb4.16&#8243; custom_padding=\u00bb|||\u00bb global_colors_info=\u00bb{}\u00bb custom_padding__hover=\u00bb|||\u00bb][et_pb_text module_class=\u00bbfree-section-header free-db-light\u00bb _builder_version=\u00bb4.23.1&#8243; text_font=\u00bb||||||||\u00bb text_font_size=\u00bb16px\u00bb text_line_height=\u00bb2em\u00bb header_font=\u00bb|700|||||||\u00bb header_text_color=\u00bbgcid-4e75685e-95b7-4cef-a4fb-152b2654bf50&#8243; header_font_size=\u00bb45px\u00bb header_line_height=\u00bb1.35em\u00bb header_2_font=\u00bb|700|||||||\u00bb header_2_text_color=\u00bbgcid-4e75685e-95b7-4cef-a4fb-152b2654bf50&#8243; header_2_font_size=\u00bb45px\u00bb header_4_font=\u00bbNanum Gothic|700||on|||||\u00bb header_4_text_color=\u00bbgcid-4e75685e-95b7-4cef-a4fb-152b2654bf50&#8243; header_4_font_size=\u00bb14px\u00bb header_4_letter_spacing=\u00bb2px\u00bb header_4_line_height=\u00bb1.6em\u00bb max_width=\u00bb600px\u00bb module_alignment=\u00bbleft\u00bb animation_style=\u00bbslide\u00bb animation_direction=\u00bbbottom\u00bb animation_duration=\u00bb1250ms\u00bb animation_intensity_slide=\u00bb10%\u00bb header_2_font_size_tablet=\u00bb42px\u00bb header_2_font_size_phone=\u00bb32px\u00bb header_2_font_size_last_edited=\u00bbon|desktop\u00bb locked=\u00bboff\u00bb global_colors_info=\u00bb{%22gcid-4e75685e-95b7-4cef-a4fb-152b2654bf50%22:%91%22header_4_text_color%22,%22header_text_color%22,%22header_2_text_color%22%93}\u00bb]<\/p>\n<h2>An\u00e1lisis y Estudio<\/h2>\n<p>[\/et_pb_text][\/et_pb_column][et_pb_column type=\u00bb1_3&#8243; _builder_version=\u00bb4.16&#8243; custom_padding=\u00bb|||\u00bb global_colors_info=\u00bb{}\u00bb custom_padding__hover=\u00bb|||\u00bb][et_pb_text module_class=\u00bbfree-section-header free-db-light\u00bb _builder_version=\u00bb4.23.1&#8243; text_font=\u00bb||||||||\u00bb text_font_size=\u00bb16px\u00bb header_font=\u00bb|700|||||||\u00bb header_text_color=\u00bb#000000&#8243; header_font_size=\u00bb45px\u00bb header_line_height=\u00bb1.35em\u00bb header_2_font=\u00bb||||||||\u00bb header_2_font_size=\u00bb50px\u00bb header_2_line_height=\u00bb1.2em\u00bb header_4_font=\u00bbNanum Gothic|700||on|||||\u00bb header_4_text_color=\u00bbgcid-4e75685e-95b7-4cef-a4fb-152b2654bf50&#8243; header_4_font_size=\u00bb14px\u00bb header_4_letter_spacing=\u00bb2px\u00bb header_4_line_height=\u00bb1.6em\u00bb max_width=\u00bb600px\u00bb module_alignment=\u00bbcenter\u00bb animation_style=\u00bbslide\u00bb animation_direction=\u00bbbottom\u00bb animation_duration=\u00bb1250ms\u00bb animation_delay=\u00bb100ms\u00bb animation_intensity_slide=\u00bb10%\u00bb header_2_font_size_tablet=\u00bb42px\u00bb header_2_font_size_phone=\u00bb32px\u00bb header_2_font_size_last_edited=\u00bbon|desktop\u00bb locked=\u00bboff\u00bb global_colors_info=\u00bb{%22gcid-4e75685e-95b7-4cef-a4fb-152b2654bf50%22:%91%22header_4_text_color%22%93}\u00bb]<\/p>\n<ul>\n<li>An\u00e1lisis conjunto con el departamento t\u00e9cnico de la empresa o empresa de consultor\u00eda, contratada (siempre que tengan contratado un estudio b\u00e1sico o de proceso sin ingenier\u00eda de detalle), para encontrar la mejor implantaci\u00f3n de equipos y de servicios.<\/li>\n<li>Selecci\u00f3n de los materiales m\u00e1s adecuados a instalar para cada tipo de instalaci\u00f3n de acuerdo con el fluido, temperatura y presi\u00f3n circulante.<\/li>\n<li>Elaboraci\u00f3n interior del correspondiente proyecto t\u00e9cnico como resultado de las conclusiones adoptadas anteriormente.<\/li>\n<\/ul>\n<p>[\/et_pb_text][\/et_pb_column][et_pb_column type=\u00bb1_3&#8243; _builder_version=\u00bb4.16&#8243; custom_padding=\u00bb|||\u00bb global_colors_info=\u00bb{}\u00bb custom_padding__hover=\u00bb|||\u00bb][et_pb_text module_class=\u00bbfree-section-header free-db-light\u00bb _builder_version=\u00bb4.23.1&#8243; text_font=\u00bb||||||||\u00bb text_font_size=\u00bb16px\u00bb header_font=\u00bb|700|||||||\u00bb header_text_color=\u00bb#000000&#8243; header_font_size=\u00bb45px\u00bb header_line_height=\u00bb1.35em\u00bb header_2_font=\u00bb||||||||\u00bb header_2_font_size=\u00bb50px\u00bb header_2_line_height=\u00bb1.2em\u00bb header_4_font=\u00bbNanum Gothic|700||on|||||\u00bb header_4_text_color=\u00bbgcid-4e75685e-95b7-4cef-a4fb-152b2654bf50&#8243; header_4_font_size=\u00bb14px\u00bb header_4_letter_spacing=\u00bb2px\u00bb header_4_line_height=\u00bb1.6em\u00bb max_width=\u00bb600px\u00bb module_alignment=\u00bbcenter\u00bb animation_style=\u00bbslide\u00bb animation_direction=\u00bbbottom\u00bb animation_duration=\u00bb1250ms\u00bb animation_delay=\u00bb200ms\u00bb animation_intensity_slide=\u00bb10%\u00bb header_2_font_size_tablet=\u00bb42px\u00bb header_2_font_size_phone=\u00bb32px\u00bb header_2_font_size_last_edited=\u00bbon|desktop\u00bb locked=\u00bboff\u00bb global_colors_info=\u00bb{%22gcid-4e75685e-95b7-4cef-a4fb-152b2654bf50%22:%91%22header_4_text_color%22%93}\u00bb]<\/p>\n<ul>\n<li>Valoraci\u00f3n econ\u00f3mica del mismo.<\/li>\n<li>Realizaci\u00f3n y direcci\u00f3n t\u00e9cnica de nuestro personal y puesta en marcha.<\/li>\n<li>Planes finales en las instalaciones que as\u00ed se decida.<\/li>\n<\/ul>\n<p>[\/et_pb_text][\/et_pb_column][\/et_pb_row][\/et_pb_section][et_pb_section fb_built=\u00bb1&#8243; module_id=\u00bbplanning\u00bb module_class=\u00bbcorpo\u00bb _builder_version=\u00bb4.23.1&#8243; _module_preset=\u00bbdefault\u00bb background_color=\u00bb#f2f6f8&#8243; top_divider_height=\u00bb60px\u00bb locked=\u00bboff\u00bb global_colors_info=\u00bb{%22gcid-94f13ad0-8ff6-47f2-bf14-4501e5ec1083%22:%91%22background_color_gradient_stops%22%93,%22gcid-148f1e97-8cc1-40c0-9ebc-596cd7de1e50%22:%91%22background_color_gradient_stops%22%93}\u00bb][et_pb_row column_structure=\u00bb1_3,2_3&#8243; _builder_version=\u00bb4.23.1&#8243; custom_padding=\u00bb0px||||false|false\u00bb locked=\u00bboff\u00bb global_colors_info=\u00bb{}\u00bb][et_pb_column type=\u00bb1_3&#8243; _builder_version=\u00bb4.16&#8243; custom_padding=\u00bb|||\u00bb global_colors_info=\u00bb{}\u00bb custom_padding__hover=\u00bb|||\u00bb][et_pb_text module_class=\u00bbfree-section-header free-db-light\u00bb _builder_version=\u00bb4.23.1&#8243; text_font=\u00bb||||||||\u00bb text_font_size=\u00bb16px\u00bb text_line_height=\u00bb2em\u00bb header_font=\u00bb|700|||||||\u00bb header_text_color=\u00bbgcid-4e75685e-95b7-4cef-a4fb-152b2654bf50&#8243; header_font_size=\u00bb45px\u00bb header_line_height=\u00bb1.35em\u00bb header_2_font=\u00bb|700|||||||\u00bb header_2_text_color=\u00bbgcid-4e75685e-95b7-4cef-a4fb-152b2654bf50&#8243; header_2_font_size=\u00bb45px\u00bb header_4_font=\u00bbNanum Gothic|700||on|||||\u00bb header_4_text_color=\u00bbgcid-4e75685e-95b7-4cef-a4fb-152b2654bf50&#8243; header_4_font_size=\u00bb14px\u00bb header_4_letter_spacing=\u00bb2px\u00bb header_4_line_height=\u00bb1.6em\u00bb max_width=\u00bb600px\u00bb module_alignment=\u00bbleft\u00bb animation_style=\u00bbslide\u00bb animation_direction=\u00bbbottom\u00bb animation_duration=\u00bb1250ms\u00bb animation_intensity_slide=\u00bb10%\u00bb header_2_font_size_tablet=\u00bb42px\u00bb header_2_font_size_phone=\u00bb32px\u00bb header_2_font_size_last_edited=\u00bbon|desktop\u00bb locked=\u00bboff\u00bb global_colors_info=\u00bb{%22gcid-4e75685e-95b7-4cef-a4fb-152b2654bf50%22:%91%22header_4_text_color%22,%22header_text_color%22,%22header_2_text_color%22,%22header_4_text_color%22,%22header_text_color%22,%22header_2_text_color%22,%22header_4_text_color%22,%22header_text_color%22,%22header_2_text_color%22%93}\u00bb]<\/p>\n<h2>Planning<\/h2>\n<p>[\/et_pb_text][\/et_pb_column][et_pb_column type=\u00bb2_3&#8243; _builder_version=\u00bb4.16&#8243; custom_padding=\u00bb|||\u00bb global_colors_info=\u00bb{}\u00bb custom_padding__hover=\u00bb|||\u00bb][et_pb_text module_class=\u00bbfree-section-header free-db-light\u00bb _builder_version=\u00bb4.23.1&#8243; text_font=\u00bb||||||||\u00bb text_font_size=\u00bb16px\u00bb header_font=\u00bb|700|||||||\u00bb header_text_color=\u00bb#000000&#8243; header_font_size=\u00bb45px\u00bb header_line_height=\u00bb1.35em\u00bb header_2_font=\u00bb||||||||\u00bb header_2_font_size=\u00bb50px\u00bb header_2_line_height=\u00bb1.2em\u00bb header_4_font=\u00bbNanum Gothic|700||on|||||\u00bb header_4_text_color=\u00bbgcid-4e75685e-95b7-4cef-a4fb-152b2654bf50&#8243; header_4_font_size=\u00bb14px\u00bb header_4_letter_spacing=\u00bb2px\u00bb header_4_line_height=\u00bb1.6em\u00bb max_width=\u00bb600px\u00bb module_alignment=\u00bbleft\u00bb animation_style=\u00bbslide\u00bb animation_direction=\u00bbbottom\u00bb animation_duration=\u00bb1250ms\u00bb animation_delay=\u00bb100ms\u00bb animation_intensity_slide=\u00bb10%\u00bb header_2_font_size_tablet=\u00bb42px\u00bb header_2_font_size_phone=\u00bb32px\u00bb header_2_font_size_last_edited=\u00bbon|desktop\u00bb locked=\u00bboff\u00bb global_colors_info=\u00bb{%22gcid-4e75685e-95b7-4cef-a4fb-152b2654bf50%22:%91%22header_4_text_color%22,%22header_4_text_color%22,%22header_4_text_color%22%93}\u00bb]<\/p>\n<ul>\n<li>La planificaci\u00f3n y control de la obra, siempre correr\u00e1 a cargo del encargado de la misma. El seguimento de la obra se reajustar\u00e1 semanalmente o quincenalmente con el cliente o ingenier\u00eda, con el fin de mantener los tiempos de montaje dentro del programa previsto, para poder cumplir los plazos establecidos.<\/li>\n<li>Toda obra, a su vez controlada por un inspector general, asistiendo a las reuniones programadas.<\/li>\n<\/ul>\n<p>[\/et_pb_text][\/et_pb_column][\/et_pb_row][\/et_pb_section][et_pb_section fb_built=\u00bb1&#8243; module_id=\u00bbmantenimiento\u00bb module_class=\u00bbcorpo\u00bb _builder_version=\u00bb4.23.1&#8243; _module_preset=\u00bbdefault\u00bb top_divider_height=\u00bb60px\u00bb locked=\u00bboff\u00bb global_colors_info=\u00bb{%22gcid-94f13ad0-8ff6-47f2-bf14-4501e5ec1083%22:%91%22background_color_gradient_stops%22%93,%22gcid-148f1e97-8cc1-40c0-9ebc-596cd7de1e50%22:%91%22background_color_gradient_stops%22%93}\u00bb][et_pb_row column_structure=\u00bb1_3,2_3&#8243; _builder_version=\u00bb4.23.1&#8243; custom_padding=\u00bb0px||||false|false\u00bb locked=\u00bboff\u00bb global_colors_info=\u00bb{}\u00bb][et_pb_column type=\u00bb1_3&#8243; _builder_version=\u00bb4.16&#8243; custom_padding=\u00bb|||\u00bb global_colors_info=\u00bb{}\u00bb custom_padding__hover=\u00bb|||\u00bb][et_pb_text module_class=\u00bbfree-section-header free-db-light\u00bb _builder_version=\u00bb4.23.1&#8243; text_font=\u00bb||||||||\u00bb text_font_size=\u00bb16px\u00bb text_line_height=\u00bb2em\u00bb header_font=\u00bb|700|||||||\u00bb header_text_color=\u00bbgcid-4e75685e-95b7-4cef-a4fb-152b2654bf50&#8243; header_font_size=\u00bb45px\u00bb header_line_height=\u00bb1.35em\u00bb header_2_font=\u00bb|700|||||||\u00bb header_2_text_color=\u00bbgcid-4e75685e-95b7-4cef-a4fb-152b2654bf50&#8243; header_2_font_size=\u00bb45px\u00bb header_4_font=\u00bbNanum Gothic|700||on|||||\u00bb header_4_text_color=\u00bbgcid-4e75685e-95b7-4cef-a4fb-152b2654bf50&#8243; header_4_font_size=\u00bb14px\u00bb header_4_letter_spacing=\u00bb2px\u00bb header_4_line_height=\u00bb1.6em\u00bb max_width=\u00bb600px\u00bb module_alignment=\u00bbleft\u00bb animation_style=\u00bbslide\u00bb animation_direction=\u00bbbottom\u00bb animation_duration=\u00bb1250ms\u00bb animation_intensity_slide=\u00bb10%\u00bb header_2_font_size_tablet=\u00bb42px\u00bb header_2_font_size_phone=\u00bb32px\u00bb header_2_font_size_last_edited=\u00bbon|desktop\u00bb locked=\u00bboff\u00bb global_colors_info=\u00bb{%22gcid-4e75685e-95b7-4cef-a4fb-152b2654bf50%22:%91%22header_4_text_color%22,%22header_text_color%22,%22header_2_text_color%22%93}\u00bb]<\/p>\n<h2>Mantenimiento<\/h2>\n<p>[\/et_pb_text][\/et_pb_column][et_pb_column type=\u00bb2_3&#8243; _builder_version=\u00bb4.16&#8243; custom_padding=\u00bb|||\u00bb global_colors_info=\u00bb{}\u00bb custom_padding__hover=\u00bb|||\u00bb][et_pb_text module_class=\u00bbfree-section-header free-db-light\u00bb _builder_version=\u00bb4.23.1&#8243; text_font=\u00bb||||||||\u00bb text_font_size=\u00bb16px\u00bb header_font=\u00bb|700|||||||\u00bb header_text_color=\u00bb#000000&#8243; header_font_size=\u00bb45px\u00bb header_line_height=\u00bb1.35em\u00bb header_2_font=\u00bb||||||||\u00bb header_2_font_size=\u00bb50px\u00bb header_2_line_height=\u00bb1.2em\u00bb header_4_font=\u00bbNanum Gothic|700||on|||||\u00bb header_4_text_color=\u00bbgcid-4e75685e-95b7-4cef-a4fb-152b2654bf50&#8243; header_4_font_size=\u00bb14px\u00bb header_4_letter_spacing=\u00bb2px\u00bb header_4_line_height=\u00bb1.6em\u00bb max_width=\u00bb600px\u00bb module_alignment=\u00bbleft\u00bb animation_style=\u00bbslide\u00bb animation_direction=\u00bbbottom\u00bb animation_duration=\u00bb1250ms\u00bb animation_delay=\u00bb100ms\u00bb animation_intensity_slide=\u00bb10%\u00bb header_2_font_size_tablet=\u00bb42px\u00bb header_2_font_size_phone=\u00bb32px\u00bb header_2_font_size_last_edited=\u00bbon|desktop\u00bb locked=\u00bboff\u00bb global_colors_info=\u00bb{%22gcid-4e75685e-95b7-4cef-a4fb-152b2654bf50%22:%91%22header_4_text_color%22%93}\u00bb]<\/p>\n<ul>\n<li>En todas las instalaciones efectuadas, ofrecemos el servicio de mantenimiento preventivo de las mismas.<\/li>\n<\/ul>\n<p>[\/et_pb_text][\/et_pb_column][\/et_pb_row][\/et_pb_section][et_pb_section fb_built=\u00bb1&#8243; module_id=\u00bbplanning\u00bb module_class=\u00bbcorpo\u00bb _builder_version=\u00bb4.23.1&#8243; _module_preset=\u00bbdefault\u00bb background_color=\u00bb#f2f6f8&#8243; top_divider_height=\u00bb60px\u00bb locked=\u00bboff\u00bb global_colors_info=\u00bb{%22gcid-94f13ad0-8ff6-47f2-bf14-4501e5ec1083%22:%91%22background_color_gradient_stops%22%93,%22gcid-148f1e97-8cc1-40c0-9ebc-596cd7de1e50%22:%91%22background_color_gradient_stops%22%93}\u00bb][et_pb_row column_structure=\u00bb1_3,2_3&#8243; _builder_version=\u00bb4.23.1&#8243; custom_padding=\u00bb0px||||false|false\u00bb locked=\u00bboff\u00bb global_colors_info=\u00bb{}\u00bb][et_pb_column type=\u00bb1_3&#8243; _builder_version=\u00bb4.16&#8243; custom_padding=\u00bb|||\u00bb global_colors_info=\u00bb{}\u00bb custom_padding__hover=\u00bb|||\u00bb][et_pb_text module_class=\u00bbfree-section-header free-db-light\u00bb _builder_version=\u00bb4.23.1&#8243; text_font=\u00bb||||||||\u00bb text_font_size=\u00bb16px\u00bb text_line_height=\u00bb2em\u00bb header_font=\u00bb|700|||||||\u00bb header_text_color=\u00bbgcid-4e75685e-95b7-4cef-a4fb-152b2654bf50&#8243; header_font_size=\u00bb45px\u00bb header_line_height=\u00bb1.35em\u00bb header_2_font=\u00bb|700|||||||\u00bb header_2_text_color=\u00bbgcid-4e75685e-95b7-4cef-a4fb-152b2654bf50&#8243; header_2_font_size=\u00bb45px\u00bb header_4_font=\u00bbNanum Gothic|700||on|||||\u00bb header_4_text_color=\u00bbgcid-4e75685e-95b7-4cef-a4fb-152b2654bf50&#8243; header_4_font_size=\u00bb14px\u00bb header_4_letter_spacing=\u00bb2px\u00bb header_4_line_height=\u00bb1.6em\u00bb max_width=\u00bb600px\u00bb module_alignment=\u00bbleft\u00bb animation_style=\u00bbslide\u00bb animation_direction=\u00bbbottom\u00bb animation_duration=\u00bb1250ms\u00bb animation_intensity_slide=\u00bb10%\u00bb header_2_font_size_tablet=\u00bb42px\u00bb header_2_font_size_phone=\u00bb32px\u00bb header_2_font_size_last_edited=\u00bbon|desktop\u00bb locked=\u00bboff\u00bb global_colors_info=\u00bb{%22gcid-4e75685e-95b7-4cef-a4fb-152b2654bf50%22:%91%22header_4_text_color%22,%22header_text_color%22,%22header_2_text_color%22,%22header_4_text_color%22,%22header_text_color%22,%22header_2_text_color%22,%22header_4_text_color%22,%22header_text_color%22,%22header_2_text_color%22%93}\u00bb]<\/p>\n<h2>Garantias<\/h2>\n<p>[\/et_pb_text][\/et_pb_column][et_pb_column type=\u00bb2_3&#8243; _builder_version=\u00bb4.16&#8243; custom_padding=\u00bb|||\u00bb global_colors_info=\u00bb{}\u00bb custom_padding__hover=\u00bb|||\u00bb][et_pb_text module_class=\u00bbfree-section-header free-db-light\u00bb _builder_version=\u00bb4.23.1&#8243; text_font=\u00bb||||||||\u00bb text_font_size=\u00bb16px\u00bb header_font=\u00bb|700|||||||\u00bb header_text_color=\u00bb#000000&#8243; header_font_size=\u00bb45px\u00bb header_line_height=\u00bb1.35em\u00bb header_2_font=\u00bb||||||||\u00bb header_2_font_size=\u00bb50px\u00bb header_2_line_height=\u00bb1.2em\u00bb header_4_font=\u00bbNanum Gothic|700||on|||||\u00bb header_4_text_color=\u00bbgcid-4e75685e-95b7-4cef-a4fb-152b2654bf50&#8243; header_4_font_size=\u00bb14px\u00bb header_4_letter_spacing=\u00bb2px\u00bb header_4_line_height=\u00bb1.6em\u00bb max_width=\u00bb600px\u00bb module_alignment=\u00bbleft\u00bb animation_style=\u00bbslide\u00bb animation_direction=\u00bbbottom\u00bb animation_duration=\u00bb1250ms\u00bb animation_delay=\u00bb100ms\u00bb animation_intensity_slide=\u00bb10%\u00bb header_2_font_size_tablet=\u00bb42px\u00bb header_2_font_size_phone=\u00bb32px\u00bb header_2_font_size_last_edited=\u00bbon|desktop\u00bb locked=\u00bboff\u00bb global_colors_info=\u00bb{%22gcid-4e75685e-95b7-4cef-a4fb-152b2654bf50%22:%91%22header_4_text_color%22,%22header_4_text_color%22,%22header_4_text_color%22%93}\u00bb]<\/p>\n<ul>\n<li>Ofrecemos en todas las instalaciones una garant\u00eda de <strong>un A\u00d1O<\/strong> una vez finalizadas \u00e9stas, por posibles defectos de ejecuci\u00f3n.<\/li>\n<li>En el caso de suministro de equipos, si este es superior al nuestro lo trasladamos al cliente, dentro de los t\u00e9rminos y condiciones del fabricante.<\/li>\n<\/ul>\n<p>[\/et_pb_text][\/et_pb_column][\/et_pb_row][\/et_pb_section]<\/p>\n","protected":false},"excerpt":{"rendered":"<p>Actuaci\u00f3n C\u00f3mo trabajamos en CDFAn\u00e1lisis y Estudio An\u00e1lisis conjunto con el departamento t\u00e9cnico de la empresa o empresa de consultor\u00eda, contratada (siempre que tengan contratado un estudio b\u00e1sico o de proceso sin ingenier\u00eda de detalle), para encontrar la mejor implantaci\u00f3n de equipos y de servicios. Selecci\u00f3n de los materiales m\u00e1s adecuados a instalar para cada [&hellip;]<\/p>\n","protected":false},"author":1,"featured_media":0,"parent":0,"menu_order":0,"comment_status":"closed","ping_status":"closed","template":"","meta":{"_et_pb_use_builder":"on","_et_pb_old_content":"","_et_gb_content_width":"","footnotes":""},"class_list":["post-240001","page","type-page","status-publish","hentry"],"_links":{"self":[{"href":"https:\/\/cdf.cat\/es\/wp-json\/wp\/v2\/pages\/240001","targetHints":{"allow":["GET"]}}],"collection":[{"href":"https:\/\/cdf.cat\/es\/wp-json\/wp\/v2\/pages"}],"about":[{"href":"https:\/\/cdf.cat\/es\/wp-json\/wp\/v2\/types\/page"}],"author":[{"embeddable":true,"href":"https:\/\/cdf.cat\/es\/wp-json\/wp\/v2\/users\/1"}],"replies":[{"embeddable":true,"href":"https:\/\/cdf.cat\/es\/wp-json\/wp\/v2\/comments?post=240001"}],"version-history":[{"count":3,"href":"https:\/\/cdf.cat\/es\/wp-json\/wp\/v2\/pages\/240001\/revisions"}],"predecessor-version":[{"id":240006,"href":"https:\/\/cdf.cat\/es\/wp-json\/wp\/v2\/pages\/240001\/revisions\/240006"}],"wp:attachment":[{"href":"https:\/\/cdf.cat\/es\/wp-json\/wp\/v2\/media?parent=240001"}],"curies":[{"name":"wp","href":"https:\/\/api.w.org\/{rel}","templated":true}]}}